{"id":28022,"date":"2016-02-17T21:12:29","date_gmt":"2016-02-18T03:12:29","guid":{"rendered":"https:\/\/restonic.com\/nuestro-sueno"},"modified":"2022-03-02T16:22:52","modified_gmt":"2022-03-02T21:22:52","slug":"nuestro-sueno","status":"publish","type":"page","link":"https:\/\/restonic.com\/es","title":{"rendered":"\u00bfNuestro sue\u00f1o?"},"content":{"rendered":"<p>This page&#8217;s content is managed directly in the template.<\/p>\n","protected":false},"excerpt":{"rendered":"<p>This page&#8217;s content is managed directly in the template.<\/p>\n","protected":false},"author":1,"featured_media":30882,"parent":0,"menu_order":0,"comment_status":"closed","ping_status":"closed","template":"page-home.php","meta":{"_acf_changed":false,"footnotes":""},"class_list":["post-28022","page","type-page","status-publish","has-post-thumbnail","hentry"],"acf":[],"yoast_head":"<!-- This site is optimized with the Yoast SEO Premium plugin v27.1 (Yoast SEO v27.2) - https:\/\/yoast.com\/product\/yoast-seo-premium-wordpress\/ -->\n<title>Colch\u00f3n Restonic | Colchones artesanales desde 1938<\/title>\n<meta name=\"description\" content=\"Hechos a mano en los USA, los colchones Restonic han respaldado los sue\u00f1os de clientes de todo el mundo durante m\u00e1s de 75 a\u00f1os.\" \/>\n<meta name=\"robots\" content=\"index, follow, max-snippet:-1, max-image-preview:large, max-video-preview:-1\" \/>\n<link rel=\"canonical\" href=\"https:\/\/restonic.com\/es\" \/>\n<meta property=\"og:locale\" content=\"es_ES\" \/>\n<meta property=\"og:type\" content=\"article\" \/>\n<meta property=\"og:title\" content=\"\u00bfNuestro sue\u00f1o?\" \/>\n<meta property=\"og:description\" content=\"Hechos a mano en los USA, los colchones Restonic han respaldado los sue\u00f1os de clientes de todo el mundo durante m\u00e1s de 75 a\u00f1os.\" \/>\n<meta property=\"og:url\" content=\"https:\/\/restonic.com\/es\" \/>\n<meta property=\"og:site_name\" content=\"Restonic\" \/>\n<meta property=\"article:publisher\" content=\"https:\/\/www.facebook.com\/RestonicBeds\/\" \/>\n<meta property=\"article:modified_time\" content=\"2022-03-02T21:22:52+00:00\" \/>\n<meta property=\"og:image\" content=\"https:\/\/restonic.com\/wp-content\/uploads\/2018\/03\/1940-2-0743_HERO.jpg\" \/>\n\t<meta property=\"og:image:width\" content=\"1900\" \/>\n\t<meta property=\"og:image:height\" content=\"500\" \/>\n\t<meta property=\"og:image:type\" content=\"image\/jpeg\" \/>\n<meta name=\"twitter:card\" content=\"summary_large_image\" \/>\n<meta name=\"twitter:site\" content=\"@RestonicBeds\" \/>\n<script type=\"application\/ld+json\" class=\"yoast-schema-graph\">{\"@context\":\"https:\/\/schema.org\",\"@graph\":[{\"@type\":\"WebPage\",\"@id\":\"https:\/\/restonic.com\/es\",\"url\":\"https:\/\/restonic.com\/es\",\"name\":\"Colch\u00f3n Restonic | Colchones artesanales desde 1938\",\"isPartOf\":{\"@id\":\"https:\/\/restonic.com\/es#website\"},\"primaryImageOfPage\":{\"@id\":\"https:\/\/restonic.com\/es#primaryimage\"},\"image\":{\"@id\":\"https:\/\/restonic.com\/es#primaryimage\"},\"thumbnailUrl\":\"https:\/\/restonic.com\/wp-content\/uploads\/2023\/04\/Restonic-Bedroom-Setting-with-Girl-NEW-CROP-1.jpg\",\"datePublished\":\"2016-02-18T03:12:29+00:00\",\"dateModified\":\"2022-03-02T21:22:52+00:00\",\"description\":\"Hechos a mano en los USA, los colchones Restonic han respaldado los sue\u00f1os de clientes de todo el mundo durante m\u00e1s de 75 a\u00f1os.\",\"breadcrumb\":{\"@id\":\"https:\/\/restonic.com\/es#breadcrumb\"},\"inLanguage\":\"es\",\"potentialAction\":[{\"@type\":\"ReadAction\",\"target\":[\"https:\/\/restonic.com\/es\"]}]},{\"@type\":\"ImageObject\",\"inLanguage\":\"es\",\"@id\":\"https:\/\/restonic.com\/es#primaryimage\",\"url\":\"https:\/\/restonic.com\/wp-content\/uploads\/2023\/04\/Restonic-Bedroom-Setting-with-Girl-NEW-CROP-1.jpg\",\"contentUrl\":\"https:\/\/restonic.com\/wp-content\/uploads\/2023\/04\/Restonic-Bedroom-Setting-with-Girl-NEW-CROP-1.jpg\",\"width\":800,\"height\":800,\"caption\":\"Vintage Modern interior of bed room, wood bed with wall lamp on parguet flooring and dark blue wall ,3d rendering\"},{\"@type\":\"BreadcrumbList\",\"@id\":\"https:\/\/restonic.com\/es#breadcrumb\",\"itemListElement\":[{\"@type\":\"ListItem\",\"position\":1,\"name\":\"Home\",\"item\":\"https:\/\/restonic.com\/es\/nuestro-sueno?lang=es\"},{\"@type\":\"ListItem\",\"position\":2,\"name\":\"\u00bfNuestro sue\u00f1o?\"}]},{\"@type\":\"WebSite\",\"@id\":\"https:\/\/restonic.com\/es#website\",\"url\":\"https:\/\/restonic.com\/es\",\"name\":\"Restonic\",\"description\":\"American-made mattresses, supporting the dreams of our customers for more than 80 years.\",\"publisher\":{\"@id\":\"https:\/\/restonic.com\/es#organization\"},\"potentialAction\":[{\"@type\":\"SearchAction\",\"target\":{\"@type\":\"EntryPoint\",\"urlTemplate\":\"https:\/\/restonic.com\/es?s={search_term_string}\"},\"query-input\":{\"@type\":\"PropertyValueSpecification\",\"valueRequired\":true,\"valueName\":\"search_term_string\"}}],\"inLanguage\":\"es\"},{\"@type\":\"Organization\",\"@id\":\"https:\/\/restonic.com\/es#organization\",\"name\":\"Restonic\",\"url\":\"https:\/\/restonic.com\/es\",\"logo\":{\"@type\":\"ImageObject\",\"inLanguage\":\"es\",\"@id\":\"https:\/\/restonic.com\/es#\/schema\/logo\/image\/\",\"url\":\"https:\/\/restonic.com\/wp-content\/uploads\/2021\/07\/restonic-logo.png\",\"contentUrl\":\"https:\/\/restonic.com\/wp-content\/uploads\/2021\/07\/restonic-logo.png\",\"width\":450,\"height\":110,\"caption\":\"Restonic\"},\"image\":{\"@id\":\"https:\/\/restonic.com\/es#\/schema\/logo\/image\/\"},\"sameAs\":[\"https:\/\/www.facebook.com\/RestonicBeds\/\",\"https:\/\/x.com\/RestonicBeds\",\"https:\/\/www.instagram.com\/restonicbeds\/\",\"https:\/\/www.youtube.com\/restonicmattress\"]}]}<\/script>\n<!-- \/ Yoast SEO Premium plugin. -->","yoast_head_json":{"title":"Colch\u00f3n Restonic | Colchones artesanales desde 1938","description":"Hechos a mano en los USA, los colchones Restonic han respaldado los sue\u00f1os de clientes de todo el mundo durante m\u00e1s de 75 a\u00f1os.","robots":{"index":"index","follow":"follow","max-snippet":"max-snippet:-1","max-image-preview":"max-image-preview:large","max-video-preview":"max-video-preview:-1"},"canonical":"https:\/\/restonic.com\/es","og_locale":"es_ES","og_type":"article","og_title":"\u00bfNuestro sue\u00f1o?","og_description":"Hechos a mano en los USA, los colchones Restonic han respaldado los sue\u00f1os de clientes de todo el mundo durante m\u00e1s de 75 a\u00f1os.","og_url":"https:\/\/restonic.com\/es","og_site_name":"Restonic","article_publisher":"https:\/\/www.facebook.com\/RestonicBeds\/","article_modified_time":"2022-03-02T21:22:52+00:00","og_image":[{"width":1900,"height":500,"url":"https:\/\/restonic.com\/wp-content\/uploads\/2018\/03\/1940-2-0743_HERO.jpg","type":"image\/jpeg"}],"twitter_card":"summary_large_image","twitter_site":"@RestonicBeds","schema":{"@context":"https:\/\/schema.org","@graph":[{"@type":"WebPage","@id":"https:\/\/restonic.com\/es","url":"https:\/\/restonic.com\/es","name":"Colch\u00f3n Restonic | Colchones artesanales desde 1938","isPartOf":{"@id":"https:\/\/restonic.com\/es#website"},"primaryImageOfPage":{"@id":"https:\/\/restonic.com\/es#primaryimage"},"image":{"@id":"https:\/\/restonic.com\/es#primaryimage"},"thumbnailUrl":"https:\/\/restonic.com\/wp-content\/uploads\/2023\/04\/Restonic-Bedroom-Setting-with-Girl-NEW-CROP-1.jpg","datePublished":"2016-02-18T03:12:29+00:00","dateModified":"2022-03-02T21:22:52+00:00","description":"Hechos a mano en los USA, los colchones Restonic han respaldado los sue\u00f1os de clientes de todo el mundo durante m\u00e1s de 75 a\u00f1os.","breadcrumb":{"@id":"https:\/\/restonic.com\/es#breadcrumb"},"inLanguage":"es","potentialAction":[{"@type":"ReadAction","target":["https:\/\/restonic.com\/es"]}]},{"@type":"ImageObject","inLanguage":"es","@id":"https:\/\/restonic.com\/es#primaryimage","url":"https:\/\/restonic.com\/wp-content\/uploads\/2023\/04\/Restonic-Bedroom-Setting-with-Girl-NEW-CROP-1.jpg","contentUrl":"https:\/\/restonic.com\/wp-content\/uploads\/2023\/04\/Restonic-Bedroom-Setting-with-Girl-NEW-CROP-1.jpg","width":800,"height":800,"caption":"Vintage Modern interior of bed room, wood bed with wall lamp on parguet flooring and dark blue wall ,3d rendering"},{"@type":"BreadcrumbList","@id":"https:\/\/restonic.com\/es#breadcrumb","itemListElement":[{"@type":"ListItem","position":1,"name":"Home","item":"https:\/\/restonic.com\/es\/nuestro-sueno?lang=es"},{"@type":"ListItem","position":2,"name":"\u00bfNuestro sue\u00f1o?"}]},{"@type":"WebSite","@id":"https:\/\/restonic.com\/es#website","url":"https:\/\/restonic.com\/es","name":"Restonic","description":"American-made mattresses, supporting the dreams of our customers for more than 80 years.","publisher":{"@id":"https:\/\/restonic.com\/es#organization"},"potentialAction":[{"@type":"SearchAction","target":{"@type":"EntryPoint","urlTemplate":"https:\/\/restonic.com\/es?s={search_term_string}"},"query-input":{"@type":"PropertyValueSpecification","valueRequired":true,"valueName":"search_term_string"}}],"inLanguage":"es"},{"@type":"Organization","@id":"https:\/\/restonic.com\/es#organization","name":"Restonic","url":"https:\/\/restonic.com\/es","logo":{"@type":"ImageObject","inLanguage":"es","@id":"https:\/\/restonic.com\/es#\/schema\/logo\/image\/","url":"https:\/\/restonic.com\/wp-content\/uploads\/2021\/07\/restonic-logo.png","contentUrl":"https:\/\/restonic.com\/wp-content\/uploads\/2021\/07\/restonic-logo.png","width":450,"height":110,"caption":"Restonic"},"image":{"@id":"https:\/\/restonic.com\/es#\/schema\/logo\/image\/"},"sameAs":["https:\/\/www.facebook.com\/RestonicBeds\/","https:\/\/x.com\/RestonicBeds","https:\/\/www.instagram.com\/restonicbeds\/","https:\/\/www.youtube.com\/restonicmattress"]}]}},"_links":{"self":[{"href":"https:\/\/restonic.com\/es\/wp-json\/wp\/v2\/pages\/28022","targetHints":{"allow":["GET"]}}],"collection":[{"href":"https:\/\/restonic.com\/es\/wp-json\/wp\/v2\/pages"}],"about":[{"href":"https:\/\/restonic.com\/es\/wp-json\/wp\/v2\/types\/page"}],"author":[{"embeddable":true,"href":"https:\/\/restonic.com\/es\/wp-json\/wp\/v2\/users\/1"}],"replies":[{"embeddable":true,"href":"https:\/\/restonic.com\/es\/wp-json\/wp\/v2\/comments?post=28022"}],"version-history":[{"count":1,"href":"https:\/\/restonic.com\/es\/wp-json\/wp\/v2\/pages\/28022\/revisions"}],"predecessor-version":[{"id":28096,"href":"https:\/\/restonic.com\/es\/wp-json\/wp\/v2\/pages\/28022\/revisions\/28096"}],"wp:featuredmedia":[{"embeddable":true,"href":"https:\/\/restonic.com\/es\/wp-json\/wp\/v2\/media\/30882"}],"wp:attachment":[{"href":"https:\/\/restonic.com\/es\/wp-json\/wp\/v2\/media?parent=28022"}],"curies":[{"name":"wp","href":"https:\/\/api.w.org\/{rel}","templated":true}]}}