{"id":28074,"date":"2016-03-11T16:07:23","date_gmt":"2016-03-11T22:07:23","guid":{"rendered":"https:\/\/restonic.com\/our-story"},"modified":"2022-03-02T16:42:46","modified_gmt":"2022-03-02T21:42:46","slug":"awards","status":"publish","type":"page","link":"https:\/\/restonic.com\/es\/awards","title":{"rendered":"Nuestra historia"},"content":{"rendered":"<div class=\"plop-left alignnone size-full\"><img loading=\"lazy\" decoding=\"async\" class=\"alignnone size-full wp-image-28617\" src=\"https:\/\/restonic.com\/wp-content\/uploads\/2022\/02\/bnpa_logo_us_wide.png\" alt=\"\" width=\"175\" height=\"155\" srcset=\"https:\/\/restonic.com\/wp-content\/uploads\/2022\/02\/bnpa_logo_us_wide.png 175w, https:\/\/restonic.com\/wp-content\/uploads\/2022\/02\/bnpa_logo_us_wide-150x133.png 150w\" sizes=\"auto, (max-width: 175px) 100vw, 175px\" \/><\/div>\n<p>Ganador de 2022 votado por los consumidores para el premio al mejor producto nuevo, como se estren\u00f3 en la revista Newsweek. Promocionados como los premios de nuevos productos m\u00e1s influyentes y cre\u00edbles de Estados Unidos, los ganadores son elegidos por miles de compradores reales. BrandSpark International, una firma de investigaci\u00f3n de mercado independiente que trabaja junto con muchas de las marcas de bienes de consumo m\u00e1s grandes del mundo, lleva a cabo los premios Best New Product Awards. Los premios Best New Product Awards se han asociado con la principal marca de revistas de noticias, Newsweek, para ayudar a impulsar el conocimiento de estos productos galardonados.<\/p>\n<p>\u201cFelicitaciones a Restonic por recibir el premio al mejor producto nuevo de 2022 para Scott Living de Restonic Hybrid Mattress Collection\u201d, dijo Drew Scott, Scott Living. \u201cLos premios de los consumidores como este son muy influyentes en el piso minorista y estamos encantados de ver a Restonic reconocido por su compromiso con la artesan\u00eda, la calidad y el servicio al cliente.<\/p>\n<p>\u201cNuestra asociaci\u00f3n con Restonic es de lo que est\u00e1n hechos los sue\u00f1os, con cuatro a\u00f1os consecutivos de crecimiento en ubicaciones minoristas, compras de consumidores y, lo m\u00e1s importante, excelentes noches de sue\u00f1o para nuestros clientes.\u201d<\/p>\n<div>\n<p>&nbsp;<\/p>\n<\/div>\n<div class=\"clearfix breather-bottom-lil\">\n<div class=\"plop-left alignnone wp-image-16318 size-full\"><img loading=\"lazy\" decoding=\"async\" src=\"https:\/\/restonic.com\/wp-content\/uploads\/2020\/09\/Best_Buy_logo-sm-w.png\" alt=\"\" width=\"175\" height=\"116\" \/><\/div>\n<p>Nuestros colchones ComfortCare\u00ae ganaron por primera vez el premio Consumers Digest Best Buy\u2122 en 1987. Estamos especialmente orgullosos de este premio, ya que se basa en 8 criterios importantes: rendimiento, facilidad de uso, caracter\u00edsticas, calidad de construcci\u00f3n, garant\u00eda, eficiencia, estilo y requisitos de mantenimiento y servicio. Muy pocas l\u00edneas de productos han recibido el premio Consumers Digest Best Buy\u2122 tantas veces como toda nuestra colecci\u00f3n de colchones ComfortCare\u00ae. El sello Best Buy es una marca de certificaci\u00f3n registrada y una marca comercial de Consumers Digest Communications, utilizada bajo licencia para los premios otorgados desde 1986 hasta 2020.<\/p>\n<\/div>\n<div class=\"clearfix breather-bottom-lil\">\n<div class=\"plop-left\" style=\"margin-bottom: 30px; width: 175px; text-align: center;\"><img decoding=\"async\" style=\"height: 116px;\" src=\"https:\/\/restonic.com\/wp-content\/themes\/restonic\/images\/WCA_Seal_Ecommerce.png\" alt=\"Since 2011, Restonic has consistently been awarded the &lt;a href=\" \/>Women\u2019s Choice Award for Excellence in Brand Experience.\u00bb&gt;<\/div>\n<p>Desde 2011, Restonic ha recibido sistem\u00e1ticamente el premio Women\u2019s Choice Award\u00ae a la excelencia en la experiencia de marca. A trav\u00e9s de una encuesta realizada a anteriores clientes de Restonic, un asombroso 96 % de las mujeres encuestadas dijo que recomendar\u00eda absolutamente Restonic a sus familiares y amigos. Women\u2019s Choice Awards, la voz de las consumidoras, premia a las empresas y marcas en funci\u00f3n de la experiencia de las consumidoras. WomenCertified es una fuente de referencia de confianza para las empresas y marcas que las mujeres recomiendan. Aquellas empresas y marcas que cumplen con un est\u00e1ndar m\u00e1s alto de experiencia del cliente entre las mujeres son premiadas con el Women\u2019s Choice Award\u00ae. Los premios se basan en encuestas realizadas a decenas de miles de mujeres, as\u00ed como en una investigaci\u00f3n realizada en colaboraci\u00f3n con la Wharton School of Business. Esta investigaci\u00f3n condujo al desarrollo de la Satisfacci\u00f3n Femenina de Ventas y Servicios.<\/p>\n<\/div>\n<div class=\"clearfix breather-bottom-lil\">\n<div class=\"plop-left\" style=\"margin-bottom: 30px; width: 175px; text-align: center;\"><div class=\"reviews-badge\">\n\t<div class=\"reviews-badge__count text-center white-text\">644<\/div>\n\t<div class=\"reviews-badge__stars text-center white-text\"><div class=\"star-rating\" role=\"img\" aria-label=\"Valorado en 4.55 de 5\"><span style=\"width:91%\">Valorado <strong class=\"rating\">4.55<\/strong> sobre 5 basado en <span class=\"rating\">644<\/span> puntuaciones de clientes<\/span><\/div><\/div>\n<\/div><\/div>\n<p>Las opiniones de Restonic se recogen de compradores verificados que pueden revisar sus compras desde su tel\u00e9fono, tableta u ordenador. Las rese\u00f1as se autentifican y gestionan a trav\u00e9s de nuestro proceso de registro de garant\u00edas, lo que permite a nuestros consumidores (y a los potenciales) leer rese\u00f1as honestas y reales en nuestro sitio.<\/p>\n<\/div>\n<div class=\"clearfix breather-bottom-lil\">\n<div class=\"plop-left\" style=\"margin-bottom: 30px; width: 175px; text-align: center;\"><img decoding=\"async\" style=\"height: 116px;\" src=\"https:\/\/restonic.com\/wp-content\/themes\/restonic\/images\/OTP_Stamp_ServicePlantsOneTree-Partner-BK.png\" alt=\"One Tree Planted logo\" \/><\/div>\n<p>\u00a1Estamos encantados de asociarnos con One Tree Planted y crear bosques juntos! De Jonathan Scott Sabemos que una peque\u00f1a elecci\u00f3n que hacen las personas para sus hogares, como reemplazar un colch\u00f3n, puede generar un impacto importante y duradero, \u00a1como dormir mejor! Lo mismo ocurre con la plantaci\u00f3n de \u00e1rboles: es una de las mejores maneras de crear un futuro sostenible.<\/p>\n<\/div>\n<p>&nbsp;<\/p>\n<div>\n<div class=\"clear\"><\/div>\n<\/div>\n","protected":false},"excerpt":{"rendered":"<p>Ganador de 2022 votado por los consumidores para el premio al mejor producto nuevo, como se estren\u00f3 en la revista Newsweek. Promocionados como los premios de nuevos productos m\u00e1s influyentes y cre\u00edbles de Estados Unidos, los ganadores son elegidos por miles de compradores reales. BrandSpark International, una firma de investigaci\u00f3n de mercado independiente que trabaja [&hellip;]<\/p>\n","protected":false},"author":1,"featured_media":26070,"parent":0,"menu_order":0,"comment_status":"closed","ping_status":"closed","template":"","meta":{"_acf_changed":false,"footnotes":""},"class_list":["post-28074","page","type-page","status-publish","has-post-thumbnail","hentry"],"acf":[],"yoast_head":"<!-- This site is optimized with the Yoast SEO Premium plugin v27.4 (Yoast SEO v27.4) - https:\/\/yoast.com\/product\/yoast-seo-premium-wordpress\/ -->\n<title>Colchones galardonados | Acerca de Restonic<\/title>\n<meta name=\"description\" content=\"Desde 1938, brindamos un sue\u00f1o saludable y apoyamos los sue\u00f1os mediante la producci\u00f3n de colchones artesanales de alta calidad a precios competitivos.\" \/>\n<meta name=\"robots\" content=\"index, follow, max-snippet:-1, max-image-preview:large, max-video-preview:-1\" \/>\n<link rel=\"canonical\" href=\"https:\/\/restonic.com\/es\/awards\" \/>\n<meta property=\"og:locale\" content=\"es_ES\" \/>\n<meta property=\"og:type\" content=\"article\" \/>\n<meta property=\"og:title\" content=\"Nuestra historia\" \/>\n<meta property=\"og:description\" content=\"Desde 1938, brindamos un sue\u00f1o saludable y apoyamos los sue\u00f1os mediante la producci\u00f3n de colchones artesanales de alta calidad a precios competitivos.\" \/>\n<meta property=\"og:url\" content=\"https:\/\/restonic.com\/es\/awards\" \/>\n<meta property=\"og:site_name\" content=\"Restonic\" \/>\n<meta property=\"article:publisher\" content=\"https:\/\/www.facebook.com\/RestonicBeds\/\" \/>\n<meta property=\"article:modified_time\" content=\"2022-03-02T21:42:46+00:00\" \/>\n<meta property=\"og:image\" content=\"https:\/\/restonic.com\/wp-content\/uploads\/2020\/01\/05-Awards.jpg\" \/>\n\t<meta property=\"og:image:width\" content=\"1920\" \/>\n\t<meta property=\"og:image:height\" content=\"510\" \/>\n\t<meta property=\"og:image:type\" content=\"image\/jpeg\" \/>\n<meta name=\"twitter:card\" content=\"summary_large_image\" \/>\n<meta name=\"twitter:site\" content=\"@RestonicBeds\" \/>\n<meta name=\"twitter:label1\" content=\"Tiempo de lectura\" \/>\n\t<meta name=\"twitter:data1\" content=\"3 minutos\" \/>\n<script type=\"application\/ld+json\" class=\"yoast-schema-graph\">{\"@context\":\"https:\\\/\\\/schema.org\",\"@graph\":[{\"@type\":\"WebPage\",\"@id\":\"https:\\\/\\\/restonic.com\\\/es\\\/awards\",\"url\":\"https:\\\/\\\/restonic.com\\\/es\\\/awards\",\"name\":\"Colchones galardonados | Acerca de Restonic\",\"isPartOf\":{\"@id\":\"https:\\\/\\\/restonic.com\\\/es#website\"},\"primaryImageOfPage\":{\"@id\":\"https:\\\/\\\/restonic.com\\\/es\\\/awards#primaryimage\"},\"image\":{\"@id\":\"https:\\\/\\\/restonic.com\\\/es\\\/awards#primaryimage\"},\"thumbnailUrl\":\"https:\\\/\\\/restonic.com\\\/wp-content\\\/uploads\\\/2020\\\/01\\\/05-Awards.jpg\",\"datePublished\":\"2016-03-11T22:07:23+00:00\",\"dateModified\":\"2022-03-02T21:42:46+00:00\",\"description\":\"Desde 1938, brindamos un sue\u00f1o saludable y apoyamos los sue\u00f1os mediante la producci\u00f3n de colchones artesanales de alta calidad a precios competitivos.\",\"breadcrumb\":{\"@id\":\"https:\\\/\\\/restonic.com\\\/es\\\/awards#breadcrumb\"},\"inLanguage\":\"es\",\"potentialAction\":[{\"@type\":\"ReadAction\",\"target\":[\"https:\\\/\\\/restonic.com\\\/es\\\/awards\"]}]},{\"@type\":\"ImageObject\",\"inLanguage\":\"es\",\"@id\":\"https:\\\/\\\/restonic.com\\\/es\\\/awards#primaryimage\",\"url\":\"https:\\\/\\\/restonic.com\\\/wp-content\\\/uploads\\\/2020\\\/01\\\/05-Awards.jpg\",\"contentUrl\":\"https:\\\/\\\/restonic.com\\\/wp-content\\\/uploads\\\/2020\\\/01\\\/05-Awards.jpg\",\"width\":1920,\"height\":510},{\"@type\":\"BreadcrumbList\",\"@id\":\"https:\\\/\\\/restonic.com\\\/es\\\/awards#breadcrumb\",\"itemListElement\":[{\"@type\":\"ListItem\",\"position\":1,\"name\":\"Home\",\"item\":\"https:\\\/\\\/restonic.com\\\/es\\\/nuestro-sueno?lang=es\"},{\"@type\":\"ListItem\",\"position\":2,\"name\":\"Nuestra historia\"}]},{\"@type\":\"WebSite\",\"@id\":\"https:\\\/\\\/restonic.com\\\/es#website\",\"url\":\"https:\\\/\\\/restonic.com\\\/es\",\"name\":\"Restonic\",\"description\":\"American-made mattresses, supporting the dreams of our customers for more than 80 years.\",\"publisher\":{\"@id\":\"https:\\\/\\\/restonic.com\\\/es#organization\"},\"potentialAction\":[{\"@type\":\"SearchAction\",\"target\":{\"@type\":\"EntryPoint\",\"urlTemplate\":\"https:\\\/\\\/restonic.com\\\/es?s={search_term_string}\"},\"query-input\":{\"@type\":\"PropertyValueSpecification\",\"valueRequired\":true,\"valueName\":\"search_term_string\"}}],\"inLanguage\":\"es\"},{\"@type\":\"Organization\",\"@id\":\"https:\\\/\\\/restonic.com\\\/es#organization\",\"name\":\"Restonic\",\"url\":\"https:\\\/\\\/restonic.com\\\/es\",\"logo\":{\"@type\":\"ImageObject\",\"inLanguage\":\"es\",\"@id\":\"https:\\\/\\\/restonic.com\\\/es#\\\/schema\\\/logo\\\/image\\\/\",\"url\":\"https:\\\/\\\/restonic.com\\\/wp-content\\\/uploads\\\/2021\\\/07\\\/restonic-logo.png\",\"contentUrl\":\"https:\\\/\\\/restonic.com\\\/wp-content\\\/uploads\\\/2021\\\/07\\\/restonic-logo.png\",\"width\":450,\"height\":110,\"caption\":\"Restonic\"},\"image\":{\"@id\":\"https:\\\/\\\/restonic.com\\\/es#\\\/schema\\\/logo\\\/image\\\/\"},\"sameAs\":[\"https:\\\/\\\/www.facebook.com\\\/RestonicBeds\\\/\",\"https:\\\/\\\/x.com\\\/RestonicBeds\",\"https:\\\/\\\/www.instagram.com\\\/restonicbeds\\\/\",\"https:\\\/\\\/www.youtube.com\\\/restonicmattress\"]}]}<\/script>\n<!-- \/ Yoast SEO Premium plugin. -->","yoast_head_json":{"title":"Colchones galardonados | Acerca de Restonic","description":"Desde 1938, brindamos un sue\u00f1o saludable y apoyamos los sue\u00f1os mediante la producci\u00f3n de colchones artesanales de alta calidad a precios competitivos.","robots":{"index":"index","follow":"follow","max-snippet":"max-snippet:-1","max-image-preview":"max-image-preview:large","max-video-preview":"max-video-preview:-1"},"canonical":"https:\/\/restonic.com\/es\/awards","og_locale":"es_ES","og_type":"article","og_title":"Nuestra historia","og_description":"Desde 1938, brindamos un sue\u00f1o saludable y apoyamos los sue\u00f1os mediante la producci\u00f3n de colchones artesanales de alta calidad a precios competitivos.","og_url":"https:\/\/restonic.com\/es\/awards","og_site_name":"Restonic","article_publisher":"https:\/\/www.facebook.com\/RestonicBeds\/","article_modified_time":"2022-03-02T21:42:46+00:00","og_image":[{"width":1920,"height":510,"url":"https:\/\/restonic.com\/wp-content\/uploads\/2020\/01\/05-Awards.jpg","type":"image\/jpeg"}],"twitter_card":"summary_large_image","twitter_site":"@RestonicBeds","twitter_misc":{"Tiempo de lectura":"3 minutos"},"schema":{"@context":"https:\/\/schema.org","@graph":[{"@type":"WebPage","@id":"https:\/\/restonic.com\/es\/awards","url":"https:\/\/restonic.com\/es\/awards","name":"Colchones galardonados | Acerca de Restonic","isPartOf":{"@id":"https:\/\/restonic.com\/es#website"},"primaryImageOfPage":{"@id":"https:\/\/restonic.com\/es\/awards#primaryimage"},"image":{"@id":"https:\/\/restonic.com\/es\/awards#primaryimage"},"thumbnailUrl":"https:\/\/restonic.com\/wp-content\/uploads\/2020\/01\/05-Awards.jpg","datePublished":"2016-03-11T22:07:23+00:00","dateModified":"2022-03-02T21:42:46+00:00","description":"Desde 1938, brindamos un sue\u00f1o saludable y apoyamos los sue\u00f1os mediante la producci\u00f3n de colchones artesanales de alta calidad a precios competitivos.","breadcrumb":{"@id":"https:\/\/restonic.com\/es\/awards#breadcrumb"},"inLanguage":"es","potentialAction":[{"@type":"ReadAction","target":["https:\/\/restonic.com\/es\/awards"]}]},{"@type":"ImageObject","inLanguage":"es","@id":"https:\/\/restonic.com\/es\/awards#primaryimage","url":"https:\/\/restonic.com\/wp-content\/uploads\/2020\/01\/05-Awards.jpg","contentUrl":"https:\/\/restonic.com\/wp-content\/uploads\/2020\/01\/05-Awards.jpg","width":1920,"height":510},{"@type":"BreadcrumbList","@id":"https:\/\/restonic.com\/es\/awards#breadcrumb","itemListElement":[{"@type":"ListItem","position":1,"name":"Home","item":"https:\/\/restonic.com\/es\/nuestro-sueno?lang=es"},{"@type":"ListItem","position":2,"name":"Nuestra historia"}]},{"@type":"WebSite","@id":"https:\/\/restonic.com\/es#website","url":"https:\/\/restonic.com\/es","name":"Restonic","description":"American-made mattresses, supporting the dreams of our customers for more than 80 years.","publisher":{"@id":"https:\/\/restonic.com\/es#organization"},"potentialAction":[{"@type":"SearchAction","target":{"@type":"EntryPoint","urlTemplate":"https:\/\/restonic.com\/es?s={search_term_string}"},"query-input":{"@type":"PropertyValueSpecification","valueRequired":true,"valueName":"search_term_string"}}],"inLanguage":"es"},{"@type":"Organization","@id":"https:\/\/restonic.com\/es#organization","name":"Restonic","url":"https:\/\/restonic.com\/es","logo":{"@type":"ImageObject","inLanguage":"es","@id":"https:\/\/restonic.com\/es#\/schema\/logo\/image\/","url":"https:\/\/restonic.com\/wp-content\/uploads\/2021\/07\/restonic-logo.png","contentUrl":"https:\/\/restonic.com\/wp-content\/uploads\/2021\/07\/restonic-logo.png","width":450,"height":110,"caption":"Restonic"},"image":{"@id":"https:\/\/restonic.com\/es#\/schema\/logo\/image\/"},"sameAs":["https:\/\/www.facebook.com\/RestonicBeds\/","https:\/\/x.com\/RestonicBeds","https:\/\/www.instagram.com\/restonicbeds\/","https:\/\/www.youtube.com\/restonicmattress"]}]}},"_links":{"self":[{"href":"https:\/\/restonic.com\/es\/wp-json\/wp\/v2\/pages\/28074","targetHints":{"allow":["GET"]}}],"collection":[{"href":"https:\/\/restonic.com\/es\/wp-json\/wp\/v2\/pages"}],"about":[{"href":"https:\/\/restonic.com\/es\/wp-json\/wp\/v2\/types\/page"}],"author":[{"embeddable":true,"href":"https:\/\/restonic.com\/es\/wp-json\/wp\/v2\/users\/1"}],"replies":[{"embeddable":true,"href":"https:\/\/restonic.com\/es\/wp-json\/wp\/v2\/comments?post=28074"}],"version-history":[{"count":9,"href":"https:\/\/restonic.com\/es\/wp-json\/wp\/v2\/pages\/28074\/revisions"}],"predecessor-version":[{"id":28679,"href":"https:\/\/restonic.com\/es\/wp-json\/wp\/v2\/pages\/28074\/revisions\/28679"}],"wp:featuredmedia":[{"embeddable":true,"href":"https:\/\/restonic.com\/es\/wp-json\/wp\/v2\/media\/26070"}],"wp:attachment":[{"href":"https:\/\/restonic.com\/es\/wp-json\/wp\/v2\/media?parent=28074"}],"curies":[{"name":"wp","href":"https:\/\/api.w.org\/{rel}","templated":true}]}}