{"id":28092,"date":"2016-03-19T19:14:57","date_gmt":"2016-03-19T23:14:57","guid":{"rendered":"https:\/\/restonic.com\/warranty-info"},"modified":"2022-03-08T11:02:21","modified_gmt":"2022-03-08T16:02:21","slug":"warranty-info","status":"publish","type":"page","link":"https:\/\/restonic.com\/es\/warranty-info","title":{"rendered":"informaci\u00f3n de garant\u00eda"},"content":{"rendered":"<h2>Restonic Mattress Warranty<\/h2>\n<p><strong>Please note: your retailer is your first point of contact should you have any questions or concerns about your mattress or mattress warranty. If your retailer cannot service you or you can\u2019t reach your retailer, please follow the instructions below to file a warranty claim. You will need your original store receipt and information from the law tag on your mattress.<\/strong><\/p>\n<p>Restonic mattresses are made with the finest care and quality of craftsmanship, providing you with years of comfort and support. Restonic warrants against defects in workmanship and\/or materials of your sleep set. In the unlikely event that service is required because of such defects after purchases, your Restonic mattress and\/or foundation will be repaired or replaced (at Restonic\u2019s option) without charge, except for transportation costs. If services are required during the remaining years because of such defects, your Restonic mattress and\/or foundation may be repaired or replaced at a charge as shown in the Restonic Warranty Schedule below, plus transportation costs. If you observe a defect please contact the retailer from whom you purchased the set to file your claim before filling out the below claim form. If the dealer cannot be reached, you should write directly to the Restonic manufacturing plant where your mattress was made. To successfully file a warranty claim, proof of purchase must be provided (including date of purchase).<\/p>\n<p><a class=\"btn-cta\" style=\"margin-right: 10px;\" href=\"https:\/\/restonic.com\/es\/warranty-registration\">Warranty Registration Form<\/a><a class=\"btn-cta ghost\" style=\"margin-right: 10px;\" href=\"https:\/\/restonic.com\/warranty-claim\">Warranty Claim Form<\/a><a class=\"btn-cta ghost\" href=\"\/wp-content\/themes\/restonic\/pdf\/Restonic2018WarrantyCard-FINAL.pdf\" target=\"_blank\" rel=\"noopener\">Restonic Warranty PDF<\/a><\/p>\n<div class=\"warrantytable\">\n<table class=\"table restonic-warranty-card\">\n<thead>\n<tr class=\"brand-bkg\">\n<th>Warranty Code<\/th>\n<th style=\"width: 20%;\">Total Limited Warranty Period (In Years)<\/th>\n<th>Period For no Charge* Repair or Replacement<\/th>\n<th>Calculations of Charges For Repair Or Replacement Beyond No Change* Period<\/th>\n<\/tr>\n<\/thead>\n<tbody>\n<tr>\n<td>C1<\/td>\n<td>10<\/td>\n<td>10<\/td>\n<td>N\/A<\/td>\n<\/tr>\n<tr>\n<td>C2<\/td>\n<td>10<\/td>\n<td>5<\/td>\n<td>N\/A<\/td>\n<\/tr>\n<tr>\n<td>C3<\/td>\n<td>10<\/td>\n<td>1<\/td>\n<td>N\/A<\/td>\n<\/tr>\n<tr>\n<td>C4<\/td>\n<td>1<\/td>\n<td>1<\/td>\n<td>N\/A<\/td>\n<\/tr>\n<tr>\n<td>C5<\/td>\n<td>5<\/td>\n<td>5<\/td>\n<td>N\/A<\/td>\n<\/tr>\n<\/tbody>\n<tfoot>\n<tr>\n<td colspan=\"4\">* Exclusive of transportation and inspection costs<\/td>\n<\/tr>\n<\/tfoot>\n<\/table>\n<\/div>\n","protected":false},"excerpt":{"rendered":"<p>Restonic Mattress Warranty Please note: your retailer is your first point of contact should you have any questions or concerns about your mattress or mattress warranty. If your retailer cannot service you or you can\u2019t reach your retailer, please follow the instructions below to file a warranty claim. You will need your original store receipt [&hellip;]<\/p>\n","protected":false},"author":1,"featured_media":0,"parent":0,"menu_order":0,"comment_status":"closed","ping_status":"closed","template":"page-translate.php","meta":{"_acf_changed":false,"footnotes":""},"class_list":["post-28092","page","type-page","status-publish","hentry"],"acf":[],"yoast_head":"<!-- This site is optimized with the Yoast SEO Premium plugin v27.1 (Yoast SEO v27.2) - https:\/\/yoast.com\/product\/yoast-seo-premium-wordpress\/ -->\n<title>Informaci\u00f3n sobre la garant\u00eda del colch\u00f3n | Restonic<\/title>\n<meta name=\"description\" content=\"Do you own a Restonic mattress? Register your warranty with us, learn about your warranty or file a warranty claim now.\" \/>\n<meta name=\"robots\" content=\"index, follow, max-snippet:-1, max-image-preview:large, max-video-preview:-1\" \/>\n<link rel=\"canonical\" href=\"https:\/\/restonic.com\/es\/warranty-info\" \/>\n<meta property=\"og:locale\" content=\"es_ES\" \/>\n<meta property=\"og:type\" content=\"article\" \/>\n<meta property=\"og:title\" content=\"informaci\u00f3n de garant\u00eda\" \/>\n<meta property=\"og:description\" content=\"Do you own a Restonic mattress? Register your warranty with us, learn about your warranty or file a warranty claim now.\" \/>\n<meta property=\"og:url\" content=\"https:\/\/restonic.com\/es\/warranty-info\" \/>\n<meta property=\"og:site_name\" content=\"Restonic\" \/>\n<meta property=\"article:publisher\" content=\"https:\/\/www.facebook.com\/RestonicBeds\/\" \/>\n<meta property=\"article:modified_time\" content=\"2022-03-08T16:02:21+00:00\" \/>\n<meta name=\"twitter:card\" content=\"summary_large_image\" \/>\n<meta name=\"twitter:site\" content=\"@RestonicBeds\" \/>\n<meta name=\"twitter:label1\" content=\"Tiempo de lectura\" \/>\n\t<meta name=\"twitter:data1\" content=\"1 minuto\" \/>\n<script type=\"application\/ld+json\" class=\"yoast-schema-graph\">{\"@context\":\"https:\/\/schema.org\",\"@graph\":[{\"@type\":\"WebPage\",\"@id\":\"https:\/\/restonic.com\/es\/warranty-info\",\"url\":\"https:\/\/restonic.com\/es\/warranty-info\",\"name\":\"Informaci\u00f3n sobre la garant\u00eda del colch\u00f3n | Restonic\",\"isPartOf\":{\"@id\":\"https:\/\/restonic.com\/es#website\"},\"datePublished\":\"2016-03-19T23:14:57+00:00\",\"dateModified\":\"2022-03-08T16:02:21+00:00\",\"description\":\"Do you own a Restonic mattress? Register your warranty with us, learn about your warranty or file a warranty claim now.\",\"breadcrumb\":{\"@id\":\"https:\/\/restonic.com\/es\/warranty-info#breadcrumb\"},\"inLanguage\":\"es\",\"potentialAction\":[{\"@type\":\"ReadAction\",\"target\":[\"https:\/\/restonic.com\/es\/warranty-info\"]}]},{\"@type\":\"BreadcrumbList\",\"@id\":\"https:\/\/restonic.com\/es\/warranty-info#breadcrumb\",\"itemListElement\":[{\"@type\":\"ListItem\",\"position\":1,\"name\":\"Home\",\"item\":\"https:\/\/restonic.com\/es\/nuestro-sueno?lang=es\"},{\"@type\":\"ListItem\",\"position\":2,\"name\":\"informaci\u00f3n de garant\u00eda\"}]},{\"@type\":\"WebSite\",\"@id\":\"https:\/\/restonic.com\/es#website\",\"url\":\"https:\/\/restonic.com\/es\",\"name\":\"Restonic\",\"description\":\"American-made mattresses, supporting the dreams of our customers for more than 80 years.\",\"publisher\":{\"@id\":\"https:\/\/restonic.com\/es#organization\"},\"potentialAction\":[{\"@type\":\"SearchAction\",\"target\":{\"@type\":\"EntryPoint\",\"urlTemplate\":\"https:\/\/restonic.com\/es?s={search_term_string}\"},\"query-input\":{\"@type\":\"PropertyValueSpecification\",\"valueRequired\":true,\"valueName\":\"search_term_string\"}}],\"inLanguage\":\"es\"},{\"@type\":\"Organization\",\"@id\":\"https:\/\/restonic.com\/es#organization\",\"name\":\"Restonic\",\"url\":\"https:\/\/restonic.com\/es\",\"logo\":{\"@type\":\"ImageObject\",\"inLanguage\":\"es\",\"@id\":\"https:\/\/restonic.com\/es#\/schema\/logo\/image\/\",\"url\":\"https:\/\/restonic.com\/wp-content\/uploads\/2021\/07\/restonic-logo.png\",\"contentUrl\":\"https:\/\/restonic.com\/wp-content\/uploads\/2021\/07\/restonic-logo.png\",\"width\":450,\"height\":110,\"caption\":\"Restonic\"},\"image\":{\"@id\":\"https:\/\/restonic.com\/es#\/schema\/logo\/image\/\"},\"sameAs\":[\"https:\/\/www.facebook.com\/RestonicBeds\/\",\"https:\/\/x.com\/RestonicBeds\",\"https:\/\/www.instagram.com\/restonicbeds\/\",\"https:\/\/www.youtube.com\/restonicmattress\"]}]}<\/script>\n<!-- \/ Yoast SEO Premium plugin. -->","yoast_head_json":{"title":"Informaci\u00f3n sobre la garant\u00eda del colch\u00f3n | Restonic","description":"Do you own a Restonic mattress? Register your warranty with us, learn about your warranty or file a warranty claim now.","robots":{"index":"index","follow":"follow","max-snippet":"max-snippet:-1","max-image-preview":"max-image-preview:large","max-video-preview":"max-video-preview:-1"},"canonical":"https:\/\/restonic.com\/es\/warranty-info","og_locale":"es_ES","og_type":"article","og_title":"informaci\u00f3n de garant\u00eda","og_description":"Do you own a Restonic mattress? Register your warranty with us, learn about your warranty or file a warranty claim now.","og_url":"https:\/\/restonic.com\/es\/warranty-info","og_site_name":"Restonic","article_publisher":"https:\/\/www.facebook.com\/RestonicBeds\/","article_modified_time":"2022-03-08T16:02:21+00:00","twitter_card":"summary_large_image","twitter_site":"@RestonicBeds","twitter_misc":{"Tiempo de lectura":"1 minuto"},"schema":{"@context":"https:\/\/schema.org","@graph":[{"@type":"WebPage","@id":"https:\/\/restonic.com\/es\/warranty-info","url":"https:\/\/restonic.com\/es\/warranty-info","name":"Informaci\u00f3n sobre la garant\u00eda del colch\u00f3n | Restonic","isPartOf":{"@id":"https:\/\/restonic.com\/es#website"},"datePublished":"2016-03-19T23:14:57+00:00","dateModified":"2022-03-08T16:02:21+00:00","description":"Do you own a Restonic mattress? Register your warranty with us, learn about your warranty or file a warranty claim now.","breadcrumb":{"@id":"https:\/\/restonic.com\/es\/warranty-info#breadcrumb"},"inLanguage":"es","potentialAction":[{"@type":"ReadAction","target":["https:\/\/restonic.com\/es\/warranty-info"]}]},{"@type":"BreadcrumbList","@id":"https:\/\/restonic.com\/es\/warranty-info#breadcrumb","itemListElement":[{"@type":"ListItem","position":1,"name":"Home","item":"https:\/\/restonic.com\/es\/nuestro-sueno?lang=es"},{"@type":"ListItem","position":2,"name":"informaci\u00f3n de garant\u00eda"}]},{"@type":"WebSite","@id":"https:\/\/restonic.com\/es#website","url":"https:\/\/restonic.com\/es","name":"Restonic","description":"American-made mattresses, supporting the dreams of our customers for more than 80 years.","publisher":{"@id":"https:\/\/restonic.com\/es#organization"},"potentialAction":[{"@type":"SearchAction","target":{"@type":"EntryPoint","urlTemplate":"https:\/\/restonic.com\/es?s={search_term_string}"},"query-input":{"@type":"PropertyValueSpecification","valueRequired":true,"valueName":"search_term_string"}}],"inLanguage":"es"},{"@type":"Organization","@id":"https:\/\/restonic.com\/es#organization","name":"Restonic","url":"https:\/\/restonic.com\/es","logo":{"@type":"ImageObject","inLanguage":"es","@id":"https:\/\/restonic.com\/es#\/schema\/logo\/image\/","url":"https:\/\/restonic.com\/wp-content\/uploads\/2021\/07\/restonic-logo.png","contentUrl":"https:\/\/restonic.com\/wp-content\/uploads\/2021\/07\/restonic-logo.png","width":450,"height":110,"caption":"Restonic"},"image":{"@id":"https:\/\/restonic.com\/es#\/schema\/logo\/image\/"},"sameAs":["https:\/\/www.facebook.com\/RestonicBeds\/","https:\/\/x.com\/RestonicBeds","https:\/\/www.instagram.com\/restonicbeds\/","https:\/\/www.youtube.com\/restonicmattress"]}]}},"_links":{"self":[{"href":"https:\/\/restonic.com\/es\/wp-json\/wp\/v2\/pages\/28092","targetHints":{"allow":["GET"]}}],"collection":[{"href":"https:\/\/restonic.com\/es\/wp-json\/wp\/v2\/pages"}],"about":[{"href":"https:\/\/restonic.com\/es\/wp-json\/wp\/v2\/types\/page"}],"author":[{"embeddable":true,"href":"https:\/\/restonic.com\/es\/wp-json\/wp\/v2\/users\/1"}],"replies":[{"embeddable":true,"href":"https:\/\/restonic.com\/es\/wp-json\/wp\/v2\/comments?post=28092"}],"version-history":[{"count":1,"href":"https:\/\/restonic.com\/es\/wp-json\/wp\/v2\/pages\/28092\/revisions"}],"predecessor-version":[{"id":28686,"href":"https:\/\/restonic.com\/es\/wp-json\/wp\/v2\/pages\/28092\/revisions\/28686"}],"wp:attachment":[{"href":"https:\/\/restonic.com\/es\/wp-json\/wp\/v2\/media?parent=28092"}],"curies":[{"name":"wp","href":"https:\/\/api.w.org\/{rel}","templated":true}]}}