{"id":30623,"date":"2023-01-19T16:24:58","date_gmt":"2023-01-19T21:24:58","guid":{"rendered":"https:\/\/restonic.com\/accesibilidad"},"modified":"2023-01-19T16:24:58","modified_gmt":"2023-01-19T21:24:58","slug":"accesibilidad","status":"publish","type":"page","link":"https:\/\/restonic.com\/es\/accesibilidad","title":{"rendered":"Accesibilidad"},"content":{"rendered":"<h1>Declaraci\u00f3n de accesibilidad de Restonic<\/h1>\n<p>Nuestro objetivo es permitir que todos nuestros clientes realicen transacciones comerciales con \u00e9xito a trav\u00e9s de nuestro sitio web y accedan a todas nuestras ofertas digitales. Ya sea que est\u00e9 utilizando tecnolog\u00edas de asistencia, como un lector de pantalla, una lupa, un software de reconocimiento de voz o subt\u00edtulos para videos, nuestro objetivo es hacer que su experiencia en el sitio web con Restonic Mattress Corporation sea lo m\u00e1s exitosa y placentera posible.<\/p>\n<p>Si tiene dificultades para ver o navegar por el contenido de este sitio web, o nota alg\u00fan contenido, funci\u00f3n o funci\u00f3n que cree que no es completamente accesible para personas con discapacidades, llame a nuestro equipo de Servicio al cliente al 800-898-6075 o env\u00ede un correo electr\u00f3nico a nuestro equipo en info@restonic.com con \u00abAcceso para discapacitados\u00bb en la l\u00ednea de asunto. Proporcione una descripci\u00f3n de la caracter\u00edstica espec\u00edfica que cree que no es completamente accesible o una sugerencia para mejorarla. Tomamos en serio sus comentarios y los consideraremos mientras evaluamos formas de acomodar a todos nuestros clientes y nuestras pol\u00edticas generales de accesibilidad.<\/p>\n","protected":false},"excerpt":{"rendered":"<p>Declaraci\u00f3n de accesibilidad de Restonic Nuestro objetivo es permitir que todos nuestros clientes realicen transacciones comerciales con \u00e9xito a trav\u00e9s de nuestro sitio web y accedan a todas nuestras ofertas digitales. Ya sea que est\u00e9 utilizando tecnolog\u00edas de asistencia, como un lector de pantalla, una lupa, un software de reconocimiento de voz o subt\u00edtulos para [&hellip;]<\/p>\n","protected":false},"author":1,"featured_media":0,"parent":0,"menu_order":0,"comment_status":"closed","ping_status":"closed","template":"","meta":{"_acf_changed":false,"footnotes":""},"class_list":["post-30623","page","type-page","status-publish","hentry"],"acf":[],"yoast_head":"<!-- This site is optimized with the Yoast SEO Premium plugin v27.1 (Yoast SEO v27.2) - https:\/\/yoast.com\/product\/yoast-seo-premium-wordpress\/ -->\n<title>Accesibilidad - Restonic<\/title>\n<meta name=\"robots\" content=\"index, follow, max-snippet:-1, max-image-preview:large, max-video-preview:-1\" \/>\n<link rel=\"canonical\" href=\"https:\/\/restonic.com\/es\/accesibilidad\" \/>\n<meta property=\"og:locale\" content=\"es_ES\" \/>\n<meta property=\"og:type\" content=\"article\" \/>\n<meta property=\"og:title\" content=\"Accesibilidad\" \/>\n<meta property=\"og:description\" content=\"Declaraci\u00f3n de accesibilidad de Restonic Nuestro objetivo es permitir que todos nuestros clientes realicen transacciones comerciales con \u00e9xito a trav\u00e9s de nuestro sitio web y accedan a todas nuestras ofertas digitales. Ya sea que est\u00e9 utilizando tecnolog\u00edas de asistencia, como un lector de pantalla, una lupa, un software de reconocimiento de voz o subt\u00edtulos para [&hellip;]\" \/>\n<meta property=\"og:url\" content=\"https:\/\/restonic.com\/es\/accesibilidad\" \/>\n<meta property=\"og:site_name\" content=\"Restonic\" \/>\n<meta property=\"article:publisher\" content=\"https:\/\/www.facebook.com\/RestonicBeds\/\" \/>\n<meta name=\"twitter:card\" content=\"summary_large_image\" \/>\n<meta name=\"twitter:site\" content=\"@RestonicBeds\" \/>\n<meta name=\"twitter:label1\" content=\"Tiempo de lectura\" \/>\n\t<meta name=\"twitter:data1\" content=\"1 minuto\" \/>\n<script type=\"application\/ld+json\" class=\"yoast-schema-graph\">{\"@context\":\"https:\/\/schema.org\",\"@graph\":[{\"@type\":\"WebPage\",\"@id\":\"https:\/\/restonic.com\/es\/accesibilidad\",\"url\":\"https:\/\/restonic.com\/es\/accesibilidad\",\"name\":\"Accesibilidad - Restonic\",\"isPartOf\":{\"@id\":\"https:\/\/restonic.com\/es#website\"},\"datePublished\":\"2023-01-19T21:24:58+00:00\",\"breadcrumb\":{\"@id\":\"https:\/\/restonic.com\/es\/accesibilidad#breadcrumb\"},\"inLanguage\":\"es\",\"potentialAction\":[{\"@type\":\"ReadAction\",\"target\":[\"https:\/\/restonic.com\/es\/accesibilidad\"]}]},{\"@type\":\"BreadcrumbList\",\"@id\":\"https:\/\/restonic.com\/es\/accesibilidad#breadcrumb\",\"itemListElement\":[{\"@type\":\"ListItem\",\"position\":1,\"name\":\"Home\",\"item\":\"https:\/\/restonic.com\/es\/nuestro-sueno?lang=es\"},{\"@type\":\"ListItem\",\"position\":2,\"name\":\"Accesibilidad\"}]},{\"@type\":\"WebSite\",\"@id\":\"https:\/\/restonic.com\/es#website\",\"url\":\"https:\/\/restonic.com\/es\",\"name\":\"Restonic\",\"description\":\"American-made mattresses, supporting the dreams of our customers for more than 80 years.\",\"publisher\":{\"@id\":\"https:\/\/restonic.com\/es#organization\"},\"potentialAction\":[{\"@type\":\"SearchAction\",\"target\":{\"@type\":\"EntryPoint\",\"urlTemplate\":\"https:\/\/restonic.com\/es?s={search_term_string}\"},\"query-input\":{\"@type\":\"PropertyValueSpecification\",\"valueRequired\":true,\"valueName\":\"search_term_string\"}}],\"inLanguage\":\"es\"},{\"@type\":\"Organization\",\"@id\":\"https:\/\/restonic.com\/es#organization\",\"name\":\"Restonic\",\"url\":\"https:\/\/restonic.com\/es\",\"logo\":{\"@type\":\"ImageObject\",\"inLanguage\":\"es\",\"@id\":\"https:\/\/restonic.com\/es#\/schema\/logo\/image\/\",\"url\":\"https:\/\/restonic.com\/wp-content\/uploads\/2021\/07\/restonic-logo.png\",\"contentUrl\":\"https:\/\/restonic.com\/wp-content\/uploads\/2021\/07\/restonic-logo.png\",\"width\":450,\"height\":110,\"caption\":\"Restonic\"},\"image\":{\"@id\":\"https:\/\/restonic.com\/es#\/schema\/logo\/image\/\"},\"sameAs\":[\"https:\/\/www.facebook.com\/RestonicBeds\/\",\"https:\/\/x.com\/RestonicBeds\",\"https:\/\/www.instagram.com\/restonicbeds\/\",\"https:\/\/www.youtube.com\/restonicmattress\"]}]}<\/script>\n<!-- \/ Yoast SEO Premium plugin. -->","yoast_head_json":{"title":"Accesibilidad - Restonic","robots":{"index":"index","follow":"follow","max-snippet":"max-snippet:-1","max-image-preview":"max-image-preview:large","max-video-preview":"max-video-preview:-1"},"canonical":"https:\/\/restonic.com\/es\/accesibilidad","og_locale":"es_ES","og_type":"article","og_title":"Accesibilidad","og_description":"Declaraci\u00f3n de accesibilidad de Restonic Nuestro objetivo es permitir que todos nuestros clientes realicen transacciones comerciales con \u00e9xito a trav\u00e9s de nuestro sitio web y accedan a todas nuestras ofertas digitales. Ya sea que est\u00e9 utilizando tecnolog\u00edas de asistencia, como un lector de pantalla, una lupa, un software de reconocimiento de voz o subt\u00edtulos para [&hellip;]","og_url":"https:\/\/restonic.com\/es\/accesibilidad","og_site_name":"Restonic","article_publisher":"https:\/\/www.facebook.com\/RestonicBeds\/","twitter_card":"summary_large_image","twitter_site":"@RestonicBeds","twitter_misc":{"Tiempo de lectura":"1 minuto"},"schema":{"@context":"https:\/\/schema.org","@graph":[{"@type":"WebPage","@id":"https:\/\/restonic.com\/es\/accesibilidad","url":"https:\/\/restonic.com\/es\/accesibilidad","name":"Accesibilidad - Restonic","isPartOf":{"@id":"https:\/\/restonic.com\/es#website"},"datePublished":"2023-01-19T21:24:58+00:00","breadcrumb":{"@id":"https:\/\/restonic.com\/es\/accesibilidad#breadcrumb"},"inLanguage":"es","potentialAction":[{"@type":"ReadAction","target":["https:\/\/restonic.com\/es\/accesibilidad"]}]},{"@type":"BreadcrumbList","@id":"https:\/\/restonic.com\/es\/accesibilidad#breadcrumb","itemListElement":[{"@type":"ListItem","position":1,"name":"Home","item":"https:\/\/restonic.com\/es\/nuestro-sueno?lang=es"},{"@type":"ListItem","position":2,"name":"Accesibilidad"}]},{"@type":"WebSite","@id":"https:\/\/restonic.com\/es#website","url":"https:\/\/restonic.com\/es","name":"Restonic","description":"American-made mattresses, supporting the dreams of our customers for more than 80 years.","publisher":{"@id":"https:\/\/restonic.com\/es#organization"},"potentialAction":[{"@type":"SearchAction","target":{"@type":"EntryPoint","urlTemplate":"https:\/\/restonic.com\/es?s={search_term_string}"},"query-input":{"@type":"PropertyValueSpecification","valueRequired":true,"valueName":"search_term_string"}}],"inLanguage":"es"},{"@type":"Organization","@id":"https:\/\/restonic.com\/es#organization","name":"Restonic","url":"https:\/\/restonic.com\/es","logo":{"@type":"ImageObject","inLanguage":"es","@id":"https:\/\/restonic.com\/es#\/schema\/logo\/image\/","url":"https:\/\/restonic.com\/wp-content\/uploads\/2021\/07\/restonic-logo.png","contentUrl":"https:\/\/restonic.com\/wp-content\/uploads\/2021\/07\/restonic-logo.png","width":450,"height":110,"caption":"Restonic"},"image":{"@id":"https:\/\/restonic.com\/es#\/schema\/logo\/image\/"},"sameAs":["https:\/\/www.facebook.com\/RestonicBeds\/","https:\/\/x.com\/RestonicBeds","https:\/\/www.instagram.com\/restonicbeds\/","https:\/\/www.youtube.com\/restonicmattress"]}]}},"_links":{"self":[{"href":"https:\/\/restonic.com\/es\/wp-json\/wp\/v2\/pages\/30623","targetHints":{"allow":["GET"]}}],"collection":[{"href":"https:\/\/restonic.com\/es\/wp-json\/wp\/v2\/pages"}],"about":[{"href":"https:\/\/restonic.com\/es\/wp-json\/wp\/v2\/types\/page"}],"author":[{"embeddable":true,"href":"https:\/\/restonic.com\/es\/wp-json\/wp\/v2\/users\/1"}],"replies":[{"embeddable":true,"href":"https:\/\/restonic.com\/es\/wp-json\/wp\/v2\/comments?post=30623"}],"version-history":[{"count":0,"href":"https:\/\/restonic.com\/es\/wp-json\/wp\/v2\/pages\/30623\/revisions"}],"wp:attachment":[{"href":"https:\/\/restonic.com\/es\/wp-json\/wp\/v2\/media?parent=30623"}],"curies":[{"name":"wp","href":"https:\/\/api.w.org\/{rel}","templated":true}]}}