{"id":28031,"date":"2021-02-15T18:10:12","date_gmt":"2021-02-15T23:10:12","guid":{"rendered":"https:\/\/restonic.com\/mattress\/colchon-biltmore-nivel-1"},"modified":"2022-02-24T15:40:00","modified_gmt":"2022-02-24T20:40:00","slug":"biltmore-level-1-2","status":"publish","type":"product","link":"https:\/\/restonic.com\/es\/mattress\/biltmore-level-1-2","title":{"rendered":"Colch\u00f3n Biltmore Nivel 1"},"content":{"rendered":"<p>Desde su lujoso dise\u00f1o hasta la innovadora combinaci\u00f3n de la artesan\u00eda del viejo mundo y la tecnolog\u00eda del nuevo mundo, nuestro colch\u00f3n Biltmore Nivel 1 ofrece una experiencia de sue\u00f1o perfectamente ajustada. Con muelles interiores divididos en zonas y tecnolog\u00eda de espuma patentada, disfrutar\u00e1s de un equilibrio \u00f3ptimo de alivio de los puntos de presi\u00f3n y apoyo. Un sue\u00f1o m\u00e1s reparador y saludable y unas mejores ma\u00f1anas son tuyas con un colch\u00f3n Biltmore.<\/p>\n","protected":false},"excerpt":{"rendered":"<p>Desde su lujoso dise\u00f1o hasta la innovadora combinaci\u00f3n de la artesan\u00eda del viejo mundo y la tecnolog\u00eda del nuevo mundo, nuestro colch\u00f3n Biltmore Nivel 1 ofrece una experiencia de sue\u00f1o perfectamente ajustada. Con muelles interiores divididos en zonas y tecnolog\u00eda de espuma patentada, disfrutar\u00e1s de un equilibrio \u00f3ptimo de alivio de los puntos de presi\u00f3n [&hellip;]<\/p>\n","protected":false},"featured_media":27736,"comment_status":"closed","ping_status":"closed","template":"","meta":{"_acf_changed":false},"product_brand":[],"product_cat":[5565],"product_tag":[],"class_list":{"0":"post-28031","1":"product","2":"type-product","3":"status-publish","4":"has-post-thumbnail","6":"product_cat-biltmore-es","8":"first","9":"instock","10":"taxable","11":"shipping-taxable","12":"product-type-simple"},"acf":[],"yoast_head":"<!-- This site is optimized with the Yoast SEO Premium plugin v27.1 (Yoast SEO v27.2) - https:\/\/yoast.com\/product\/yoast-seo-premium-wordpress\/ -->\n<title>Colch\u00f3n Biltmore Nivel 1 - Restonic<\/title>\n<meta name=\"description\" content=\"Exclusive technology for a calming sleep experience. Biltmore Hybrid Mattresses are luxurious, just like their name. Buy yours today!\" \/>\n<meta name=\"robots\" content=\"index, follow, max-snippet:-1, max-image-preview:large, max-video-preview:-1\" \/>\n<link rel=\"canonical\" href=\"https:\/\/restonic.com\/es\/mattress\/biltmore-level-1-2\" \/>\n<meta property=\"og:locale\" content=\"es_ES\" \/>\n<meta property=\"og:type\" content=\"article\" \/>\n<meta property=\"og:title\" content=\"Colch\u00f3n Biltmore Nivel 1\" \/>\n<meta property=\"og:description\" content=\"Exclusive technology for a calming sleep experience. Biltmore Hybrid Mattresses are luxurious, just like their name. Buy yours today!\" \/>\n<meta property=\"og:url\" content=\"https:\/\/restonic.com\/es\/mattress\/biltmore-level-1-2\" \/>\n<meta property=\"og:site_name\" content=\"Restonic\" \/>\n<meta property=\"article:publisher\" content=\"https:\/\/www.facebook.com\/RestonicBeds\/\" \/>\n<meta property=\"article:modified_time\" content=\"2022-02-24T20:40:00+00:00\" \/>\n<meta property=\"og:image\" content=\"https:\/\/restonic.com\/wp-content\/uploads\/2021\/11\/level-1-crop.jpg\" \/>\n\t<meta property=\"og:image:width\" content=\"600\" \/>\n\t<meta property=\"og:image:height\" content=\"400\" \/>\n\t<meta property=\"og:image:type\" content=\"image\/jpeg\" \/>\n<meta name=\"twitter:card\" content=\"summary_large_image\" \/>\n<meta name=\"twitter:site\" content=\"@RestonicBeds\" \/>\n<script type=\"application\/ld+json\" class=\"yoast-schema-graph\">{\"@context\":\"https:\/\/schema.org\",\"@graph\":[{\"@type\":\"WebPage\",\"@id\":\"https:\/\/restonic.com\/es\/mattress\/biltmore-level-1-2\",\"url\":\"https:\/\/restonic.com\/es\/mattress\/biltmore-level-1-2\",\"name\":\"Colch\u00f3n Biltmore Nivel 1 - Restonic\",\"isPartOf\":{\"@id\":\"https:\/\/restonic.com\/es#website\"},\"primaryImageOfPage\":{\"@id\":\"https:\/\/restonic.com\/es\/mattress\/biltmore-level-1-2#primaryimage\"},\"image\":{\"@id\":\"https:\/\/restonic.com\/es\/mattress\/biltmore-level-1-2#primaryimage\"},\"thumbnailUrl\":\"https:\/\/restonic.com\/wp-content\/uploads\/2021\/11\/level-1-crop.jpg\",\"datePublished\":\"2021-02-15T23:10:12+00:00\",\"dateModified\":\"2022-02-24T20:40:00+00:00\",\"description\":\"Exclusive technology for a calming sleep experience. Biltmore Hybrid Mattresses are luxurious, just like their name. Buy yours today!\",\"breadcrumb\":{\"@id\":\"https:\/\/restonic.com\/es\/mattress\/biltmore-level-1-2#breadcrumb\"},\"inLanguage\":\"es\",\"potentialAction\":[{\"@type\":\"ReadAction\",\"target\":[\"https:\/\/restonic.com\/es\/mattress\/biltmore-level-1-2\"]}]},{\"@type\":\"ImageObject\",\"inLanguage\":\"es\",\"@id\":\"https:\/\/restonic.com\/es\/mattress\/biltmore-level-1-2#primaryimage\",\"url\":\"https:\/\/restonic.com\/wp-content\/uploads\/2021\/11\/level-1-crop.jpg\",\"contentUrl\":\"https:\/\/restonic.com\/wp-content\/uploads\/2021\/11\/level-1-crop.jpg\",\"width\":600,\"height\":400},{\"@type\":\"BreadcrumbList\",\"@id\":\"https:\/\/restonic.com\/es\/mattress\/biltmore-level-1-2#breadcrumb\",\"itemListElement\":[{\"@type\":\"ListItem\",\"position\":1,\"name\":\"Home\",\"item\":\"https:\/\/restonic.com\/es\/nuestro-sueno?lang=es\"},{\"@type\":\"ListItem\",\"position\":2,\"name\":\"Tienda\",\"item\":\"https:\/\/restonic.com\/tienda?lang=es\"},{\"@type\":\"ListItem\",\"position\":3,\"name\":\"Colch\u00f3n Biltmore Nivel 1\"}]},{\"@type\":\"WebSite\",\"@id\":\"https:\/\/restonic.com\/es#website\",\"url\":\"https:\/\/restonic.com\/es\",\"name\":\"Restonic\",\"description\":\"American-made mattresses, supporting the dreams of our customers for more than 80 years.\",\"publisher\":{\"@id\":\"https:\/\/restonic.com\/es#organization\"},\"potentialAction\":[{\"@type\":\"SearchAction\",\"target\":{\"@type\":\"EntryPoint\",\"urlTemplate\":\"https:\/\/restonic.com\/es?s={search_term_string}\"},\"query-input\":{\"@type\":\"PropertyValueSpecification\",\"valueRequired\":true,\"valueName\":\"search_term_string\"}}],\"inLanguage\":\"es\"},{\"@type\":\"Organization\",\"@id\":\"https:\/\/restonic.com\/es#organization\",\"name\":\"Restonic\",\"url\":\"https:\/\/restonic.com\/es\",\"logo\":{\"@type\":\"ImageObject\",\"inLanguage\":\"es\",\"@id\":\"https:\/\/restonic.com\/es#\/schema\/logo\/image\/\",\"url\":\"https:\/\/restonic.com\/wp-content\/uploads\/2021\/07\/restonic-logo.png\",\"contentUrl\":\"https:\/\/restonic.com\/wp-content\/uploads\/2021\/07\/restonic-logo.png\",\"width\":450,\"height\":110,\"caption\":\"Restonic\"},\"image\":{\"@id\":\"https:\/\/restonic.com\/es#\/schema\/logo\/image\/\"},\"sameAs\":[\"https:\/\/www.facebook.com\/RestonicBeds\/\",\"https:\/\/x.com\/RestonicBeds\",\"https:\/\/www.instagram.com\/restonicbeds\/\",\"https:\/\/www.youtube.com\/restonicmattress\"]}]}<\/script>\n<!-- \/ Yoast SEO Premium plugin. -->","yoast_head_json":{"title":"Colch\u00f3n Biltmore Nivel 1 - Restonic","description":"Exclusive technology for a calming sleep experience. Biltmore Hybrid Mattresses are luxurious, just like their name. Buy yours today!","robots":{"index":"index","follow":"follow","max-snippet":"max-snippet:-1","max-image-preview":"max-image-preview:large","max-video-preview":"max-video-preview:-1"},"canonical":"https:\/\/restonic.com\/es\/mattress\/biltmore-level-1-2","og_locale":"es_ES","og_type":"article","og_title":"Colch\u00f3n Biltmore Nivel 1","og_description":"Exclusive technology for a calming sleep experience. Biltmore Hybrid Mattresses are luxurious, just like their name. Buy yours today!","og_url":"https:\/\/restonic.com\/es\/mattress\/biltmore-level-1-2","og_site_name":"Restonic","article_publisher":"https:\/\/www.facebook.com\/RestonicBeds\/","article_modified_time":"2022-02-24T20:40:00+00:00","og_image":[{"width":600,"height":400,"url":"https:\/\/restonic.com\/wp-content\/uploads\/2021\/11\/level-1-crop.jpg","type":"image\/jpeg"}],"twitter_card":"summary_large_image","twitter_site":"@RestonicBeds","schema":{"@context":"https:\/\/schema.org","@graph":[{"@type":"WebPage","@id":"https:\/\/restonic.com\/es\/mattress\/biltmore-level-1-2","url":"https:\/\/restonic.com\/es\/mattress\/biltmore-level-1-2","name":"Colch\u00f3n Biltmore Nivel 1 - Restonic","isPartOf":{"@id":"https:\/\/restonic.com\/es#website"},"primaryImageOfPage":{"@id":"https:\/\/restonic.com\/es\/mattress\/biltmore-level-1-2#primaryimage"},"image":{"@id":"https:\/\/restonic.com\/es\/mattress\/biltmore-level-1-2#primaryimage"},"thumbnailUrl":"https:\/\/restonic.com\/wp-content\/uploads\/2021\/11\/level-1-crop.jpg","datePublished":"2021-02-15T23:10:12+00:00","dateModified":"2022-02-24T20:40:00+00:00","description":"Exclusive technology for a calming sleep experience. Biltmore Hybrid Mattresses are luxurious, just like their name. Buy yours today!","breadcrumb":{"@id":"https:\/\/restonic.com\/es\/mattress\/biltmore-level-1-2#breadcrumb"},"inLanguage":"es","potentialAction":[{"@type":"ReadAction","target":["https:\/\/restonic.com\/es\/mattress\/biltmore-level-1-2"]}]},{"@type":"ImageObject","inLanguage":"es","@id":"https:\/\/restonic.com\/es\/mattress\/biltmore-level-1-2#primaryimage","url":"https:\/\/restonic.com\/wp-content\/uploads\/2021\/11\/level-1-crop.jpg","contentUrl":"https:\/\/restonic.com\/wp-content\/uploads\/2021\/11\/level-1-crop.jpg","width":600,"height":400},{"@type":"BreadcrumbList","@id":"https:\/\/restonic.com\/es\/mattress\/biltmore-level-1-2#breadcrumb","itemListElement":[{"@type":"ListItem","position":1,"name":"Home","item":"https:\/\/restonic.com\/es\/nuestro-sueno?lang=es"},{"@type":"ListItem","position":2,"name":"Tienda","item":"https:\/\/restonic.com\/tienda?lang=es"},{"@type":"ListItem","position":3,"name":"Colch\u00f3n Biltmore Nivel 1"}]},{"@type":"WebSite","@id":"https:\/\/restonic.com\/es#website","url":"https:\/\/restonic.com\/es","name":"Restonic","description":"American-made mattresses, supporting the dreams of our customers for more than 80 years.","publisher":{"@id":"https:\/\/restonic.com\/es#organization"},"potentialAction":[{"@type":"SearchAction","target":{"@type":"EntryPoint","urlTemplate":"https:\/\/restonic.com\/es?s={search_term_string}"},"query-input":{"@type":"PropertyValueSpecification","valueRequired":true,"valueName":"search_term_string"}}],"inLanguage":"es"},{"@type":"Organization","@id":"https:\/\/restonic.com\/es#organization","name":"Restonic","url":"https:\/\/restonic.com\/es","logo":{"@type":"ImageObject","inLanguage":"es","@id":"https:\/\/restonic.com\/es#\/schema\/logo\/image\/","url":"https:\/\/restonic.com\/wp-content\/uploads\/2021\/07\/restonic-logo.png","contentUrl":"https:\/\/restonic.com\/wp-content\/uploads\/2021\/07\/restonic-logo.png","width":450,"height":110,"caption":"Restonic"},"image":{"@id":"https:\/\/restonic.com\/es#\/schema\/logo\/image\/"},"sameAs":["https:\/\/www.facebook.com\/RestonicBeds\/","https:\/\/x.com\/RestonicBeds","https:\/\/www.instagram.com\/restonicbeds\/","https:\/\/www.youtube.com\/restonicmattress"]}]}},"_links":{"self":[{"href":"https:\/\/restonic.com\/es\/wp-json\/wp\/v2\/product\/28031","targetHints":{"allow":["GET"]}}],"collection":[{"href":"https:\/\/restonic.com\/es\/wp-json\/wp\/v2\/product"}],"about":[{"href":"https:\/\/restonic.com\/es\/wp-json\/wp\/v2\/types\/product"}],"replies":[{"embeddable":true,"href":"https:\/\/restonic.com\/es\/wp-json\/wp\/v2\/comments?post=28031"}],"wp:featuredmedia":[{"embeddable":true,"href":"https:\/\/restonic.com\/es\/wp-json\/wp\/v2\/media\/27736"}],"wp:attachment":[{"href":"https:\/\/restonic.com\/es\/wp-json\/wp\/v2\/media?parent=28031"}],"wp:term":[{"taxonomy":"product_brand","embeddable":true,"href":"https:\/\/restonic.com\/es\/wp-json\/wp\/v2\/product_brand?post=28031"},{"taxonomy":"product_cat","embeddable":true,"href":"https:\/\/restonic.com\/es\/wp-json\/wp\/v2\/product_cat?post=28031"},{"taxonomy":"product_tag","embeddable":true,"href":"https:\/\/restonic.com\/es\/wp-json\/wp\/v2\/product_tag?post=28031"}],"curies":[{"name":"wp","href":"https:\/\/api.w.org\/{rel}","templated":true}]}}