{"id":28042,"date":"2021-02-15T18:10:13","date_gmt":"2021-02-15T23:10:13","guid":{"rendered":"https:\/\/restonic.com\/mattress\/scott-living-signature-ultra-euro-top"},"modified":"2023-01-18T16:04:57","modified_gmt":"2023-01-18T21:04:57","slug":"scott-living-signature-ultra-euro-top","status":"publish","type":"product","link":"https:\/\/restonic.com\/es\/mattress\/scott-living-signature-ultra-euro-top","title":{"rendered":"Colch\u00f3n Scott Living Signature Ultra Euro Top"},"content":{"rendered":"<p>Redefiniendo tu experiencia de sue\u00f1o, el colch\u00f3n Scott Living Signature Ultra Euro Top abraza la combinaci\u00f3n \u00f3ptima de tecnolog\u00eda y estilo, superando las expectativas con la tecnolog\u00eda de acci\u00f3n 4 veces m\u00e1s fresca. Con dos capas de espuma viscoel\u00e1stica AlumiLast patentada y un soporte que se adapta al cuerpo, estar\u00e1s acunado en la comodidad durante toda la noche. Con m\u00e1s de 2300 MicroCoils de acero envueltos individualmente dentro de materiales innovadores que equilibran la temperatura y rodeadas por un borde doble de espuma y acero, un mejor sue\u00f1o te espera.<\/p>\n","protected":false},"excerpt":{"rendered":"<p>Redefiniendo tu experiencia de sue\u00f1o, el colch\u00f3n Scott Living Signature Ultra Euro Top abraza la combinaci\u00f3n \u00f3ptima de tecnolog\u00eda y estilo, superando las expectativas con la tecnolog\u00eda de acci\u00f3n 4 veces m\u00e1s fresca. Con dos capas de espuma viscoel\u00e1stica AlumiLast patentada y un soporte que se adapta al cuerpo, estar\u00e1s acunado en la comodidad durante [&hellip;]<\/p>\n","protected":false},"featured_media":27744,"comment_status":"closed","ping_status":"closed","template":"","meta":{"_acf_changed":false},"product_brand":[],"product_cat":[5567],"product_tag":[],"class_list":{"0":"post-28042","1":"product","2":"type-product","3":"status-publish","4":"has-post-thumbnail","6":"product_cat-scott-living-es","8":"first","9":"instock","10":"taxable","11":"shipping-taxable","12":"product-type-simple"},"acf":[],"yoast_head":"<!-- This site is optimized with the Yoast SEO Premium plugin v27.3 (Yoast SEO v27.3) - https:\/\/yoast.com\/product\/yoast-seo-premium-wordpress\/ -->\n<title>Colch\u00f3n Scott Living Signature Ultra Euro Top - Restonic<\/title>\n<meta name=\"robots\" content=\"index, follow, max-snippet:-1, max-image-preview:large, max-video-preview:-1\" \/>\n<link rel=\"canonical\" href=\"https:\/\/restonic.com\/es\/mattress\/scott-living-signature-ultra-euro-top\" \/>\n<meta property=\"og:locale\" content=\"es_ES\" \/>\n<meta property=\"og:type\" content=\"article\" \/>\n<meta property=\"og:title\" content=\"Colch\u00f3n Scott Living Signature Ultra Euro Top\" \/>\n<meta property=\"og:description\" content=\"Redefiniendo tu experiencia de sue\u00f1o, el colch\u00f3n Scott Living Signature Ultra Euro Top abraza la combinaci\u00f3n \u00f3ptima de tecnolog\u00eda y estilo, superando las expectativas con la tecnolog\u00eda de acci\u00f3n 4 veces m\u00e1s fresca. Con dos capas de espuma viscoel\u00e1stica AlumiLast patentada y un soporte que se adapta al cuerpo, estar\u00e1s acunado en la comodidad durante [&hellip;]\" \/>\n<meta property=\"og:url\" content=\"https:\/\/restonic.com\/es\/mattress\/scott-living-signature-ultra-euro-top\" \/>\n<meta property=\"og:site_name\" content=\"Restonic\" \/>\n<meta property=\"article:publisher\" content=\"https:\/\/www.facebook.com\/RestonicBeds\/\" \/>\n<meta property=\"article:modified_time\" content=\"2023-01-18T21:04:57+00:00\" \/>\n<meta property=\"og:image\" content=\"https:\/\/restonic.com\/wp-content\/uploads\/2021\/11\/sl-signature-ultra.jpg\" \/>\n\t<meta property=\"og:image:width\" content=\"600\" \/>\n\t<meta property=\"og:image:height\" content=\"397\" \/>\n\t<meta property=\"og:image:type\" content=\"image\/jpeg\" \/>\n<meta name=\"twitter:card\" content=\"summary_large_image\" \/>\n<meta name=\"twitter:site\" content=\"@RestonicBeds\" \/>\n<meta name=\"twitter:label1\" content=\"Tiempo de lectura\" \/>\n\t<meta name=\"twitter:data1\" content=\"1 minuto\" \/>\n<script type=\"application\/ld+json\" class=\"yoast-schema-graph\">{\"@context\":\"https:\\\/\\\/schema.org\",\"@graph\":[{\"@type\":\"WebPage\",\"@id\":\"https:\\\/\\\/restonic.com\\\/es\\\/mattress\\\/scott-living-signature-ultra-euro-top\",\"url\":\"https:\\\/\\\/restonic.com\\\/es\\\/mattress\\\/scott-living-signature-ultra-euro-top\",\"name\":\"Colch\u00f3n Scott Living Signature Ultra Euro Top - Restonic\",\"isPartOf\":{\"@id\":\"https:\\\/\\\/restonic.com\\\/es#website\"},\"primaryImageOfPage\":{\"@id\":\"https:\\\/\\\/restonic.com\\\/es\\\/mattress\\\/scott-living-signature-ultra-euro-top#primaryimage\"},\"image\":{\"@id\":\"https:\\\/\\\/restonic.com\\\/es\\\/mattress\\\/scott-living-signature-ultra-euro-top#primaryimage\"},\"thumbnailUrl\":\"https:\\\/\\\/restonic.com\\\/wp-content\\\/uploads\\\/2021\\\/11\\\/sl-signature-ultra.jpg\",\"datePublished\":\"2021-02-15T23:10:13+00:00\",\"dateModified\":\"2023-01-18T21:04:57+00:00\",\"breadcrumb\":{\"@id\":\"https:\\\/\\\/restonic.com\\\/es\\\/mattress\\\/scott-living-signature-ultra-euro-top#breadcrumb\"},\"inLanguage\":\"es\",\"potentialAction\":[{\"@type\":\"ReadAction\",\"target\":[\"https:\\\/\\\/restonic.com\\\/es\\\/mattress\\\/scott-living-signature-ultra-euro-top\"]}]},{\"@type\":\"ImageObject\",\"inLanguage\":\"es\",\"@id\":\"https:\\\/\\\/restonic.com\\\/es\\\/mattress\\\/scott-living-signature-ultra-euro-top#primaryimage\",\"url\":\"https:\\\/\\\/restonic.com\\\/wp-content\\\/uploads\\\/2021\\\/11\\\/sl-signature-ultra.jpg\",\"contentUrl\":\"https:\\\/\\\/restonic.com\\\/wp-content\\\/uploads\\\/2021\\\/11\\\/sl-signature-ultra.jpg\",\"width\":600,\"height\":397},{\"@type\":\"BreadcrumbList\",\"@id\":\"https:\\\/\\\/restonic.com\\\/es\\\/mattress\\\/scott-living-signature-ultra-euro-top#breadcrumb\",\"itemListElement\":[{\"@type\":\"ListItem\",\"position\":1,\"name\":\"Home\",\"item\":\"https:\\\/\\\/restonic.com\\\/es\\\/nuestro-sueno?lang=es\"},{\"@type\":\"ListItem\",\"position\":2,\"name\":\"Tienda\",\"item\":\"https:\\\/\\\/restonic.com\\\/tienda?lang=es\"},{\"@type\":\"ListItem\",\"position\":3,\"name\":\"Colch\u00f3n Scott Living Signature Ultra Euro Top\"}]},{\"@type\":\"WebSite\",\"@id\":\"https:\\\/\\\/restonic.com\\\/es#website\",\"url\":\"https:\\\/\\\/restonic.com\\\/es\",\"name\":\"Restonic\",\"description\":\"American-made mattresses, supporting the dreams of our customers for more than 80 years.\",\"publisher\":{\"@id\":\"https:\\\/\\\/restonic.com\\\/es#organization\"},\"potentialAction\":[{\"@type\":\"SearchAction\",\"target\":{\"@type\":\"EntryPoint\",\"urlTemplate\":\"https:\\\/\\\/restonic.com\\\/es?s={search_term_string}\"},\"query-input\":{\"@type\":\"PropertyValueSpecification\",\"valueRequired\":true,\"valueName\":\"search_term_string\"}}],\"inLanguage\":\"es\"},{\"@type\":\"Organization\",\"@id\":\"https:\\\/\\\/restonic.com\\\/es#organization\",\"name\":\"Restonic\",\"url\":\"https:\\\/\\\/restonic.com\\\/es\",\"logo\":{\"@type\":\"ImageObject\",\"inLanguage\":\"es\",\"@id\":\"https:\\\/\\\/restonic.com\\\/es#\\\/schema\\\/logo\\\/image\\\/\",\"url\":\"https:\\\/\\\/restonic.com\\\/wp-content\\\/uploads\\\/2021\\\/07\\\/restonic-logo.png\",\"contentUrl\":\"https:\\\/\\\/restonic.com\\\/wp-content\\\/uploads\\\/2021\\\/07\\\/restonic-logo.png\",\"width\":450,\"height\":110,\"caption\":\"Restonic\"},\"image\":{\"@id\":\"https:\\\/\\\/restonic.com\\\/es#\\\/schema\\\/logo\\\/image\\\/\"},\"sameAs\":[\"https:\\\/\\\/www.facebook.com\\\/RestonicBeds\\\/\",\"https:\\\/\\\/x.com\\\/RestonicBeds\",\"https:\\\/\\\/www.instagram.com\\\/restonicbeds\\\/\",\"https:\\\/\\\/www.youtube.com\\\/restonicmattress\"]}]}<\/script>\n<!-- \/ Yoast SEO Premium plugin. -->","yoast_head_json":{"title":"Colch\u00f3n Scott Living Signature Ultra Euro Top - Restonic","robots":{"index":"index","follow":"follow","max-snippet":"max-snippet:-1","max-image-preview":"max-image-preview:large","max-video-preview":"max-video-preview:-1"},"canonical":"https:\/\/restonic.com\/es\/mattress\/scott-living-signature-ultra-euro-top","og_locale":"es_ES","og_type":"article","og_title":"Colch\u00f3n Scott Living Signature Ultra Euro Top","og_description":"Redefiniendo tu experiencia de sue\u00f1o, el colch\u00f3n Scott Living Signature Ultra Euro Top abraza la combinaci\u00f3n \u00f3ptima de tecnolog\u00eda y estilo, superando las expectativas con la tecnolog\u00eda de acci\u00f3n 4 veces m\u00e1s fresca. Con dos capas de espuma viscoel\u00e1stica AlumiLast patentada y un soporte que se adapta al cuerpo, estar\u00e1s acunado en la comodidad durante [&hellip;]","og_url":"https:\/\/restonic.com\/es\/mattress\/scott-living-signature-ultra-euro-top","og_site_name":"Restonic","article_publisher":"https:\/\/www.facebook.com\/RestonicBeds\/","article_modified_time":"2023-01-18T21:04:57+00:00","og_image":[{"width":600,"height":397,"url":"https:\/\/restonic.com\/wp-content\/uploads\/2021\/11\/sl-signature-ultra.jpg","type":"image\/jpeg"}],"twitter_card":"summary_large_image","twitter_site":"@RestonicBeds","twitter_misc":{"Tiempo de lectura":"1 minuto"},"schema":{"@context":"https:\/\/schema.org","@graph":[{"@type":"WebPage","@id":"https:\/\/restonic.com\/es\/mattress\/scott-living-signature-ultra-euro-top","url":"https:\/\/restonic.com\/es\/mattress\/scott-living-signature-ultra-euro-top","name":"Colch\u00f3n Scott Living Signature Ultra Euro Top - Restonic","isPartOf":{"@id":"https:\/\/restonic.com\/es#website"},"primaryImageOfPage":{"@id":"https:\/\/restonic.com\/es\/mattress\/scott-living-signature-ultra-euro-top#primaryimage"},"image":{"@id":"https:\/\/restonic.com\/es\/mattress\/scott-living-signature-ultra-euro-top#primaryimage"},"thumbnailUrl":"https:\/\/restonic.com\/wp-content\/uploads\/2021\/11\/sl-signature-ultra.jpg","datePublished":"2021-02-15T23:10:13+00:00","dateModified":"2023-01-18T21:04:57+00:00","breadcrumb":{"@id":"https:\/\/restonic.com\/es\/mattress\/scott-living-signature-ultra-euro-top#breadcrumb"},"inLanguage":"es","potentialAction":[{"@type":"ReadAction","target":["https:\/\/restonic.com\/es\/mattress\/scott-living-signature-ultra-euro-top"]}]},{"@type":"ImageObject","inLanguage":"es","@id":"https:\/\/restonic.com\/es\/mattress\/scott-living-signature-ultra-euro-top#primaryimage","url":"https:\/\/restonic.com\/wp-content\/uploads\/2021\/11\/sl-signature-ultra.jpg","contentUrl":"https:\/\/restonic.com\/wp-content\/uploads\/2021\/11\/sl-signature-ultra.jpg","width":600,"height":397},{"@type":"BreadcrumbList","@id":"https:\/\/restonic.com\/es\/mattress\/scott-living-signature-ultra-euro-top#breadcrumb","itemListElement":[{"@type":"ListItem","position":1,"name":"Home","item":"https:\/\/restonic.com\/es\/nuestro-sueno?lang=es"},{"@type":"ListItem","position":2,"name":"Tienda","item":"https:\/\/restonic.com\/tienda?lang=es"},{"@type":"ListItem","position":3,"name":"Colch\u00f3n Scott Living Signature Ultra Euro Top"}]},{"@type":"WebSite","@id":"https:\/\/restonic.com\/es#website","url":"https:\/\/restonic.com\/es","name":"Restonic","description":"American-made mattresses, supporting the dreams of our customers for more than 80 years.","publisher":{"@id":"https:\/\/restonic.com\/es#organization"},"potentialAction":[{"@type":"SearchAction","target":{"@type":"EntryPoint","urlTemplate":"https:\/\/restonic.com\/es?s={search_term_string}"},"query-input":{"@type":"PropertyValueSpecification","valueRequired":true,"valueName":"search_term_string"}}],"inLanguage":"es"},{"@type":"Organization","@id":"https:\/\/restonic.com\/es#organization","name":"Restonic","url":"https:\/\/restonic.com\/es","logo":{"@type":"ImageObject","inLanguage":"es","@id":"https:\/\/restonic.com\/es#\/schema\/logo\/image\/","url":"https:\/\/restonic.com\/wp-content\/uploads\/2021\/07\/restonic-logo.png","contentUrl":"https:\/\/restonic.com\/wp-content\/uploads\/2021\/07\/restonic-logo.png","width":450,"height":110,"caption":"Restonic"},"image":{"@id":"https:\/\/restonic.com\/es#\/schema\/logo\/image\/"},"sameAs":["https:\/\/www.facebook.com\/RestonicBeds\/","https:\/\/x.com\/RestonicBeds","https:\/\/www.instagram.com\/restonicbeds\/","https:\/\/www.youtube.com\/restonicmattress"]}]}},"_links":{"self":[{"href":"https:\/\/restonic.com\/es\/wp-json\/wp\/v2\/product\/28042","targetHints":{"allow":["GET"]}}],"collection":[{"href":"https:\/\/restonic.com\/es\/wp-json\/wp\/v2\/product"}],"about":[{"href":"https:\/\/restonic.com\/es\/wp-json\/wp\/v2\/types\/product"}],"replies":[{"embeddable":true,"href":"https:\/\/restonic.com\/es\/wp-json\/wp\/v2\/comments?post=28042"}],"wp:featuredmedia":[{"embeddable":true,"href":"https:\/\/restonic.com\/es\/wp-json\/wp\/v2\/media\/27744"}],"wp:attachment":[{"href":"https:\/\/restonic.com\/es\/wp-json\/wp\/v2\/media?parent=28042"}],"wp:term":[{"taxonomy":"product_brand","embeddable":true,"href":"https:\/\/restonic.com\/es\/wp-json\/wp\/v2\/product_brand?post=28042"},{"taxonomy":"product_cat","embeddable":true,"href":"https:\/\/restonic.com\/es\/wp-json\/wp\/v2\/product_cat?post=28042"},{"taxonomy":"product_tag","embeddable":true,"href":"https:\/\/restonic.com\/es\/wp-json\/wp\/v2\/product_tag?post=28042"}],"curies":[{"name":"wp","href":"https:\/\/api.w.org\/{rel}","templated":true}]}}