{"id":28044,"date":"2021-02-15T18:10:13","date_gmt":"2021-02-15T23:10:13","guid":{"rendered":"https:\/\/restonic.com\/mattress\/biltmore-luxury-level-1"},"modified":"2023-01-18T16:29:40","modified_gmt":"2023-01-18T21:29:40","slug":"biltmore-luxury-level-1","status":"publish","type":"product","link":"https:\/\/restonic.com\/es\/mattress\/biltmore-luxury-level-1","title":{"rendered":"Colch\u00f3n Biltmore Luxury Nivel 1"},"content":{"rendered":"<p>Dise\u00f1ado con pasi\u00f3n por el sue\u00f1o y pasi\u00f3n por la vida, nuestro colch\u00f3n Biltmore Luxury Nivel 1 ofrece una experiencia de sue\u00f1o de primera calidad para los consumidores m\u00e1s exigentes. Las tecnolog\u00edas de vanguardia de lujo refrescante y un sistema de soporte de amortiguaci\u00f3n del cuerpo hacen que la comodidad sea nuestra principal prioridad. Con m\u00e1s de 2300 MicroCoils de acero envueltos individualmente y encapsulados en lujosas capas de materiales innovadores que equilibran la temperatura, y rodeados de un soporte de borde a borde recubierto de espuma, tiene garantizada una satisfacci\u00f3n duradera. Noche tras noche tras noche.<\/p>\n","protected":false},"excerpt":{"rendered":"<p>Dise\u00f1ado con pasi\u00f3n por el sue\u00f1o y pasi\u00f3n por la vida, nuestro colch\u00f3n Biltmore Luxury Nivel 1 ofrece una experiencia de sue\u00f1o de primera calidad para los consumidores m\u00e1s exigentes. Las tecnolog\u00edas de vanguardia de lujo refrescante y un sistema de soporte de amortiguaci\u00f3n del cuerpo hacen que la comodidad sea nuestra principal prioridad. Con [&hellip;]<\/p>\n","protected":false},"featured_media":27742,"comment_status":"closed","ping_status":"closed","template":"","meta":{"_acf_changed":false},"product_brand":[],"product_cat":[5565],"product_tag":[],"class_list":{"0":"post-28044","1":"product","2":"type-product","3":"status-publish","4":"has-post-thumbnail","6":"product_cat-biltmore-es","8":"first","9":"instock","10":"taxable","11":"shipping-taxable","12":"product-type-simple"},"acf":[],"yoast_head":"<!-- This site is optimized with the Yoast SEO Premium plugin v27.3 (Yoast SEO v27.3) - https:\/\/yoast.com\/product\/yoast-seo-premium-wordpress\/ -->\n<title>Colch\u00f3n Biltmore Luxury Nivel 1 - Restonic<\/title>\n<meta name=\"robots\" content=\"index, follow, max-snippet:-1, max-image-preview:large, max-video-preview:-1\" \/>\n<link rel=\"canonical\" href=\"https:\/\/restonic.com\/es\/mattress\/biltmore-luxury-level-1\" \/>\n<meta property=\"og:locale\" content=\"es_ES\" \/>\n<meta property=\"og:type\" content=\"article\" \/>\n<meta property=\"og:title\" content=\"Colch\u00f3n Biltmore Luxury Nivel 1\" \/>\n<meta property=\"og:description\" content=\"Dise\u00f1ado con pasi\u00f3n por el sue\u00f1o y pasi\u00f3n por la vida, nuestro colch\u00f3n Biltmore Luxury Nivel 1 ofrece una experiencia de sue\u00f1o de primera calidad para los consumidores m\u00e1s exigentes. Las tecnolog\u00edas de vanguardia de lujo refrescante y un sistema de soporte de amortiguaci\u00f3n del cuerpo hacen que la comodidad sea nuestra principal prioridad. Con [&hellip;]\" \/>\n<meta property=\"og:url\" content=\"https:\/\/restonic.com\/es\/mattress\/biltmore-luxury-level-1\" \/>\n<meta property=\"og:site_name\" content=\"Restonic\" \/>\n<meta property=\"article:publisher\" content=\"https:\/\/www.facebook.com\/RestonicBeds\/\" \/>\n<meta property=\"article:modified_time\" content=\"2023-01-18T21:29:40+00:00\" \/>\n<meta property=\"og:image\" content=\"https:\/\/restonic.com\/wp-content\/uploads\/2021\/11\/biltmore-luxury-midea-firm.jpg\" \/>\n\t<meta property=\"og:image:width\" content=\"600\" \/>\n\t<meta property=\"og:image:height\" content=\"397\" \/>\n\t<meta property=\"og:image:type\" content=\"image\/jpeg\" \/>\n<meta name=\"twitter:card\" content=\"summary_large_image\" \/>\n<meta name=\"twitter:site\" content=\"@RestonicBeds\" \/>\n<meta name=\"twitter:label1\" content=\"Tiempo de lectura\" \/>\n\t<meta name=\"twitter:data1\" content=\"1 minuto\" \/>\n<script type=\"application\/ld+json\" class=\"yoast-schema-graph\">{\"@context\":\"https:\\\/\\\/schema.org\",\"@graph\":[{\"@type\":\"WebPage\",\"@id\":\"https:\\\/\\\/restonic.com\\\/es\\\/mattress\\\/biltmore-luxury-level-1\",\"url\":\"https:\\\/\\\/restonic.com\\\/es\\\/mattress\\\/biltmore-luxury-level-1\",\"name\":\"Colch\u00f3n Biltmore Luxury Nivel 1 - Restonic\",\"isPartOf\":{\"@id\":\"https:\\\/\\\/restonic.com\\\/es#website\"},\"primaryImageOfPage\":{\"@id\":\"https:\\\/\\\/restonic.com\\\/es\\\/mattress\\\/biltmore-luxury-level-1#primaryimage\"},\"image\":{\"@id\":\"https:\\\/\\\/restonic.com\\\/es\\\/mattress\\\/biltmore-luxury-level-1#primaryimage\"},\"thumbnailUrl\":\"https:\\\/\\\/restonic.com\\\/wp-content\\\/uploads\\\/2021\\\/11\\\/biltmore-luxury-midea-firm.jpg\",\"datePublished\":\"2021-02-15T23:10:13+00:00\",\"dateModified\":\"2023-01-18T21:29:40+00:00\",\"breadcrumb\":{\"@id\":\"https:\\\/\\\/restonic.com\\\/es\\\/mattress\\\/biltmore-luxury-level-1#breadcrumb\"},\"inLanguage\":\"es\",\"potentialAction\":[{\"@type\":\"ReadAction\",\"target\":[\"https:\\\/\\\/restonic.com\\\/es\\\/mattress\\\/biltmore-luxury-level-1\"]}]},{\"@type\":\"ImageObject\",\"inLanguage\":\"es\",\"@id\":\"https:\\\/\\\/restonic.com\\\/es\\\/mattress\\\/biltmore-luxury-level-1#primaryimage\",\"url\":\"https:\\\/\\\/restonic.com\\\/wp-content\\\/uploads\\\/2021\\\/11\\\/biltmore-luxury-midea-firm.jpg\",\"contentUrl\":\"https:\\\/\\\/restonic.com\\\/wp-content\\\/uploads\\\/2021\\\/11\\\/biltmore-luxury-midea-firm.jpg\",\"width\":600,\"height\":397},{\"@type\":\"BreadcrumbList\",\"@id\":\"https:\\\/\\\/restonic.com\\\/es\\\/mattress\\\/biltmore-luxury-level-1#breadcrumb\",\"itemListElement\":[{\"@type\":\"ListItem\",\"position\":1,\"name\":\"Home\",\"item\":\"https:\\\/\\\/restonic.com\\\/es\\\/nuestro-sueno?lang=es\"},{\"@type\":\"ListItem\",\"position\":2,\"name\":\"Tienda\",\"item\":\"https:\\\/\\\/restonic.com\\\/tienda?lang=es\"},{\"@type\":\"ListItem\",\"position\":3,\"name\":\"Colch\u00f3n Biltmore Luxury Nivel 1\"}]},{\"@type\":\"WebSite\",\"@id\":\"https:\\\/\\\/restonic.com\\\/es#website\",\"url\":\"https:\\\/\\\/restonic.com\\\/es\",\"name\":\"Restonic\",\"description\":\"American-made mattresses, supporting the dreams of our customers for more than 80 years.\",\"publisher\":{\"@id\":\"https:\\\/\\\/restonic.com\\\/es#organization\"},\"potentialAction\":[{\"@type\":\"SearchAction\",\"target\":{\"@type\":\"EntryPoint\",\"urlTemplate\":\"https:\\\/\\\/restonic.com\\\/es?s={search_term_string}\"},\"query-input\":{\"@type\":\"PropertyValueSpecification\",\"valueRequired\":true,\"valueName\":\"search_term_string\"}}],\"inLanguage\":\"es\"},{\"@type\":\"Organization\",\"@id\":\"https:\\\/\\\/restonic.com\\\/es#organization\",\"name\":\"Restonic\",\"url\":\"https:\\\/\\\/restonic.com\\\/es\",\"logo\":{\"@type\":\"ImageObject\",\"inLanguage\":\"es\",\"@id\":\"https:\\\/\\\/restonic.com\\\/es#\\\/schema\\\/logo\\\/image\\\/\",\"url\":\"https:\\\/\\\/restonic.com\\\/wp-content\\\/uploads\\\/2021\\\/07\\\/restonic-logo.png\",\"contentUrl\":\"https:\\\/\\\/restonic.com\\\/wp-content\\\/uploads\\\/2021\\\/07\\\/restonic-logo.png\",\"width\":450,\"height\":110,\"caption\":\"Restonic\"},\"image\":{\"@id\":\"https:\\\/\\\/restonic.com\\\/es#\\\/schema\\\/logo\\\/image\\\/\"},\"sameAs\":[\"https:\\\/\\\/www.facebook.com\\\/RestonicBeds\\\/\",\"https:\\\/\\\/x.com\\\/RestonicBeds\",\"https:\\\/\\\/www.instagram.com\\\/restonicbeds\\\/\",\"https:\\\/\\\/www.youtube.com\\\/restonicmattress\"]}]}<\/script>\n<!-- \/ Yoast SEO Premium plugin. -->","yoast_head_json":{"title":"Colch\u00f3n Biltmore Luxury Nivel 1 - Restonic","robots":{"index":"index","follow":"follow","max-snippet":"max-snippet:-1","max-image-preview":"max-image-preview:large","max-video-preview":"max-video-preview:-1"},"canonical":"https:\/\/restonic.com\/es\/mattress\/biltmore-luxury-level-1","og_locale":"es_ES","og_type":"article","og_title":"Colch\u00f3n Biltmore Luxury Nivel 1","og_description":"Dise\u00f1ado con pasi\u00f3n por el sue\u00f1o y pasi\u00f3n por la vida, nuestro colch\u00f3n Biltmore Luxury Nivel 1 ofrece una experiencia de sue\u00f1o de primera calidad para los consumidores m\u00e1s exigentes. Las tecnolog\u00edas de vanguardia de lujo refrescante y un sistema de soporte de amortiguaci\u00f3n del cuerpo hacen que la comodidad sea nuestra principal prioridad. Con [&hellip;]","og_url":"https:\/\/restonic.com\/es\/mattress\/biltmore-luxury-level-1","og_site_name":"Restonic","article_publisher":"https:\/\/www.facebook.com\/RestonicBeds\/","article_modified_time":"2023-01-18T21:29:40+00:00","og_image":[{"width":600,"height":397,"url":"https:\/\/restonic.com\/wp-content\/uploads\/2021\/11\/biltmore-luxury-midea-firm.jpg","type":"image\/jpeg"}],"twitter_card":"summary_large_image","twitter_site":"@RestonicBeds","twitter_misc":{"Tiempo de lectura":"1 minuto"},"schema":{"@context":"https:\/\/schema.org","@graph":[{"@type":"WebPage","@id":"https:\/\/restonic.com\/es\/mattress\/biltmore-luxury-level-1","url":"https:\/\/restonic.com\/es\/mattress\/biltmore-luxury-level-1","name":"Colch\u00f3n Biltmore Luxury Nivel 1 - Restonic","isPartOf":{"@id":"https:\/\/restonic.com\/es#website"},"primaryImageOfPage":{"@id":"https:\/\/restonic.com\/es\/mattress\/biltmore-luxury-level-1#primaryimage"},"image":{"@id":"https:\/\/restonic.com\/es\/mattress\/biltmore-luxury-level-1#primaryimage"},"thumbnailUrl":"https:\/\/restonic.com\/wp-content\/uploads\/2021\/11\/biltmore-luxury-midea-firm.jpg","datePublished":"2021-02-15T23:10:13+00:00","dateModified":"2023-01-18T21:29:40+00:00","breadcrumb":{"@id":"https:\/\/restonic.com\/es\/mattress\/biltmore-luxury-level-1#breadcrumb"},"inLanguage":"es","potentialAction":[{"@type":"ReadAction","target":["https:\/\/restonic.com\/es\/mattress\/biltmore-luxury-level-1"]}]},{"@type":"ImageObject","inLanguage":"es","@id":"https:\/\/restonic.com\/es\/mattress\/biltmore-luxury-level-1#primaryimage","url":"https:\/\/restonic.com\/wp-content\/uploads\/2021\/11\/biltmore-luxury-midea-firm.jpg","contentUrl":"https:\/\/restonic.com\/wp-content\/uploads\/2021\/11\/biltmore-luxury-midea-firm.jpg","width":600,"height":397},{"@type":"BreadcrumbList","@id":"https:\/\/restonic.com\/es\/mattress\/biltmore-luxury-level-1#breadcrumb","itemListElement":[{"@type":"ListItem","position":1,"name":"Home","item":"https:\/\/restonic.com\/es\/nuestro-sueno?lang=es"},{"@type":"ListItem","position":2,"name":"Tienda","item":"https:\/\/restonic.com\/tienda?lang=es"},{"@type":"ListItem","position":3,"name":"Colch\u00f3n Biltmore Luxury Nivel 1"}]},{"@type":"WebSite","@id":"https:\/\/restonic.com\/es#website","url":"https:\/\/restonic.com\/es","name":"Restonic","description":"American-made mattresses, supporting the dreams of our customers for more than 80 years.","publisher":{"@id":"https:\/\/restonic.com\/es#organization"},"potentialAction":[{"@type":"SearchAction","target":{"@type":"EntryPoint","urlTemplate":"https:\/\/restonic.com\/es?s={search_term_string}"},"query-input":{"@type":"PropertyValueSpecification","valueRequired":true,"valueName":"search_term_string"}}],"inLanguage":"es"},{"@type":"Organization","@id":"https:\/\/restonic.com\/es#organization","name":"Restonic","url":"https:\/\/restonic.com\/es","logo":{"@type":"ImageObject","inLanguage":"es","@id":"https:\/\/restonic.com\/es#\/schema\/logo\/image\/","url":"https:\/\/restonic.com\/wp-content\/uploads\/2021\/07\/restonic-logo.png","contentUrl":"https:\/\/restonic.com\/wp-content\/uploads\/2021\/07\/restonic-logo.png","width":450,"height":110,"caption":"Restonic"},"image":{"@id":"https:\/\/restonic.com\/es#\/schema\/logo\/image\/"},"sameAs":["https:\/\/www.facebook.com\/RestonicBeds\/","https:\/\/x.com\/RestonicBeds","https:\/\/www.instagram.com\/restonicbeds\/","https:\/\/www.youtube.com\/restonicmattress"]}]}},"_links":{"self":[{"href":"https:\/\/restonic.com\/es\/wp-json\/wp\/v2\/product\/28044","targetHints":{"allow":["GET"]}}],"collection":[{"href":"https:\/\/restonic.com\/es\/wp-json\/wp\/v2\/product"}],"about":[{"href":"https:\/\/restonic.com\/es\/wp-json\/wp\/v2\/types\/product"}],"replies":[{"embeddable":true,"href":"https:\/\/restonic.com\/es\/wp-json\/wp\/v2\/comments?post=28044"}],"wp:featuredmedia":[{"embeddable":true,"href":"https:\/\/restonic.com\/es\/wp-json\/wp\/v2\/media\/27742"}],"wp:attachment":[{"href":"https:\/\/restonic.com\/es\/wp-json\/wp\/v2\/media?parent=28044"}],"wp:term":[{"taxonomy":"product_brand","embeddable":true,"href":"https:\/\/restonic.com\/es\/wp-json\/wp\/v2\/product_brand?post=28044"},{"taxonomy":"product_cat","embeddable":true,"href":"https:\/\/restonic.com\/es\/wp-json\/wp\/v2\/product_cat?post=28044"},{"taxonomy":"product_tag","embeddable":true,"href":"https:\/\/restonic.com\/es\/wp-json\/wp\/v2\/product_tag?post=28044"}],"curies":[{"name":"wp","href":"https:\/\/api.w.org\/{rel}","templated":true}]}}