{"id":28055,"date":"2021-02-15T18:10:12","date_gmt":"2021-02-15T23:10:12","guid":{"rendered":"https:\/\/restonic.com\/mattress\/scott-living-level-4"},"modified":"2023-01-18T16:12:40","modified_gmt":"2023-01-18T21:12:40","slug":"scott-living-level-5","status":"publish","type":"product","link":"https:\/\/restonic.com\/es\/mattress\/scott-living-level-5","title":{"rendered":"Colch\u00f3n Scott Living Nivel 5"},"content":{"rendered":"<p><span lang=\"es-ES\">Drew y Jonathan Scott aportan su buen ojo para el dise\u00f1o y el lujo asequible a la colecci\u00f3n de colchones Scott Living Nivel IV Morgan Hybrid. La espuma viscoel\u00e1stica AlumiLast adicional en la superficie del colch\u00f3n hace que el colch\u00f3n Morgan sea un colch\u00f3n de lujo ultrarrefrigerante, perfecto para el cliente exigente. Una funci\u00f3n de control activo de la temperatura (utilizada actualmente solo en nuestros colchones de gama alta) a\u00f1ade una frescura excepcional a la superficie. La categor\u00eda de colchones Morgan est\u00e1 disponible en una opci\u00f3n de confort:<\/span><\/p>\n<p><span lang=\"en-US\">Luxury Comfort Support Euro Top<\/span><\/p>\n","protected":false},"excerpt":{"rendered":"<p>Drew y Jonathan Scott aportan su buen ojo para el dise\u00f1o y el lujo asequible a la colecci\u00f3n de colchones Scott Living Nivel IV Morgan Hybrid. La espuma viscoel\u00e1stica AlumiLast adicional en la superficie del colch\u00f3n hace que el colch\u00f3n Morgan sea un colch\u00f3n de lujo ultrarrefrigerante, perfecto para el cliente exigente. Una funci\u00f3n de [&hellip;]<\/p>\n","protected":false},"featured_media":27731,"comment_status":"closed","ping_status":"closed","template":"","meta":{"_acf_changed":false},"product_brand":[],"product_cat":[5567],"product_tag":[],"class_list":{"0":"post-28055","1":"product","2":"type-product","3":"status-publish","4":"has-post-thumbnail","6":"product_cat-scott-living-es","8":"first","9":"instock","10":"taxable","11":"shipping-taxable","12":"product-type-simple"},"acf":[],"yoast_head":"<!-- This site is optimized with the Yoast SEO Premium plugin v27.3 (Yoast SEO v27.3) - https:\/\/yoast.com\/product\/yoast-seo-premium-wordpress\/ -->\n<title>Colch\u00f3n Scott Living Nivel 5 - Restonic<\/title>\n<meta name=\"robots\" content=\"index, follow, max-snippet:-1, max-image-preview:large, max-video-preview:-1\" \/>\n<link rel=\"canonical\" href=\"https:\/\/restonic.com\/es\/mattress\/scott-living-level-5\" \/>\n<meta property=\"og:locale\" content=\"es_ES\" \/>\n<meta property=\"og:type\" content=\"article\" \/>\n<meta property=\"og:title\" content=\"Colch\u00f3n Scott Living Nivel 5\" \/>\n<meta property=\"og:description\" content=\"Drew y Jonathan Scott aportan su buen ojo para el dise\u00f1o y el lujo asequible a la colecci\u00f3n de colchones Scott Living Nivel IV Morgan Hybrid. La espuma viscoel\u00e1stica AlumiLast adicional en la superficie del colch\u00f3n hace que el colch\u00f3n Morgan sea un colch\u00f3n de lujo ultrarrefrigerante, perfecto para el cliente exigente. Una funci\u00f3n de [&hellip;]\" \/>\n<meta property=\"og:url\" content=\"https:\/\/restonic.com\/es\/mattress\/scott-living-level-5\" \/>\n<meta property=\"og:site_name\" content=\"Restonic\" \/>\n<meta property=\"article:publisher\" content=\"https:\/\/www.facebook.com\/RestonicBeds\/\" \/>\n<meta property=\"article:modified_time\" content=\"2023-01-18T21:12:40+00:00\" \/>\n<meta property=\"og:image\" content=\"https:\/\/restonic.com\/wp-content\/uploads\/2021\/11\/Level4_Morgan.jpg\" \/>\n\t<meta property=\"og:image:width\" content=\"600\" \/>\n\t<meta property=\"og:image:height\" content=\"367\" \/>\n\t<meta property=\"og:image:type\" content=\"image\/jpeg\" \/>\n<meta name=\"twitter:card\" content=\"summary_large_image\" \/>\n<meta name=\"twitter:site\" content=\"@RestonicBeds\" \/>\n<meta name=\"twitter:label1\" content=\"Tiempo de lectura\" \/>\n\t<meta name=\"twitter:data1\" content=\"1 minuto\" \/>\n<script type=\"application\/ld+json\" class=\"yoast-schema-graph\">{\"@context\":\"https:\\\/\\\/schema.org\",\"@graph\":[{\"@type\":\"WebPage\",\"@id\":\"https:\\\/\\\/restonic.com\\\/es\\\/mattress\\\/scott-living-level-5\",\"url\":\"https:\\\/\\\/restonic.com\\\/es\\\/mattress\\\/scott-living-level-5\",\"name\":\"Colch\u00f3n Scott Living Nivel 5 - Restonic\",\"isPartOf\":{\"@id\":\"https:\\\/\\\/restonic.com\\\/es#website\"},\"primaryImageOfPage\":{\"@id\":\"https:\\\/\\\/restonic.com\\\/es\\\/mattress\\\/scott-living-level-5#primaryimage\"},\"image\":{\"@id\":\"https:\\\/\\\/restonic.com\\\/es\\\/mattress\\\/scott-living-level-5#primaryimage\"},\"thumbnailUrl\":\"https:\\\/\\\/restonic.com\\\/wp-content\\\/uploads\\\/2021\\\/11\\\/Level4_Morgan.jpg\",\"datePublished\":\"2021-02-15T23:10:12+00:00\",\"dateModified\":\"2023-01-18T21:12:40+00:00\",\"breadcrumb\":{\"@id\":\"https:\\\/\\\/restonic.com\\\/es\\\/mattress\\\/scott-living-level-5#breadcrumb\"},\"inLanguage\":\"es\",\"potentialAction\":[{\"@type\":\"ReadAction\",\"target\":[\"https:\\\/\\\/restonic.com\\\/es\\\/mattress\\\/scott-living-level-5\"]}]},{\"@type\":\"ImageObject\",\"inLanguage\":\"es\",\"@id\":\"https:\\\/\\\/restonic.com\\\/es\\\/mattress\\\/scott-living-level-5#primaryimage\",\"url\":\"https:\\\/\\\/restonic.com\\\/wp-content\\\/uploads\\\/2021\\\/11\\\/Level4_Morgan.jpg\",\"contentUrl\":\"https:\\\/\\\/restonic.com\\\/wp-content\\\/uploads\\\/2021\\\/11\\\/Level4_Morgan.jpg\",\"width\":600,\"height\":367},{\"@type\":\"BreadcrumbList\",\"@id\":\"https:\\\/\\\/restonic.com\\\/es\\\/mattress\\\/scott-living-level-5#breadcrumb\",\"itemListElement\":[{\"@type\":\"ListItem\",\"position\":1,\"name\":\"Home\",\"item\":\"https:\\\/\\\/restonic.com\\\/es\\\/nuestro-sueno?lang=es\"},{\"@type\":\"ListItem\",\"position\":2,\"name\":\"Tienda\",\"item\":\"https:\\\/\\\/restonic.com\\\/tienda?lang=es\"},{\"@type\":\"ListItem\",\"position\":3,\"name\":\"Colch\u00f3n Scott Living Nivel 5\"}]},{\"@type\":\"WebSite\",\"@id\":\"https:\\\/\\\/restonic.com\\\/es#website\",\"url\":\"https:\\\/\\\/restonic.com\\\/es\",\"name\":\"Restonic\",\"description\":\"American-made mattresses, supporting the dreams of our customers for more than 80 years.\",\"publisher\":{\"@id\":\"https:\\\/\\\/restonic.com\\\/es#organization\"},\"potentialAction\":[{\"@type\":\"SearchAction\",\"target\":{\"@type\":\"EntryPoint\",\"urlTemplate\":\"https:\\\/\\\/restonic.com\\\/es?s={search_term_string}\"},\"query-input\":{\"@type\":\"PropertyValueSpecification\",\"valueRequired\":true,\"valueName\":\"search_term_string\"}}],\"inLanguage\":\"es\"},{\"@type\":\"Organization\",\"@id\":\"https:\\\/\\\/restonic.com\\\/es#organization\",\"name\":\"Restonic\",\"url\":\"https:\\\/\\\/restonic.com\\\/es\",\"logo\":{\"@type\":\"ImageObject\",\"inLanguage\":\"es\",\"@id\":\"https:\\\/\\\/restonic.com\\\/es#\\\/schema\\\/logo\\\/image\\\/\",\"url\":\"https:\\\/\\\/restonic.com\\\/wp-content\\\/uploads\\\/2021\\\/07\\\/restonic-logo.png\",\"contentUrl\":\"https:\\\/\\\/restonic.com\\\/wp-content\\\/uploads\\\/2021\\\/07\\\/restonic-logo.png\",\"width\":450,\"height\":110,\"caption\":\"Restonic\"},\"image\":{\"@id\":\"https:\\\/\\\/restonic.com\\\/es#\\\/schema\\\/logo\\\/image\\\/\"},\"sameAs\":[\"https:\\\/\\\/www.facebook.com\\\/RestonicBeds\\\/\",\"https:\\\/\\\/x.com\\\/RestonicBeds\",\"https:\\\/\\\/www.instagram.com\\\/restonicbeds\\\/\",\"https:\\\/\\\/www.youtube.com\\\/restonicmattress\"]}]}<\/script>\n<!-- \/ Yoast SEO Premium plugin. -->","yoast_head_json":{"title":"Colch\u00f3n Scott Living Nivel 5 - Restonic","robots":{"index":"index","follow":"follow","max-snippet":"max-snippet:-1","max-image-preview":"max-image-preview:large","max-video-preview":"max-video-preview:-1"},"canonical":"https:\/\/restonic.com\/es\/mattress\/scott-living-level-5","og_locale":"es_ES","og_type":"article","og_title":"Colch\u00f3n Scott Living Nivel 5","og_description":"Drew y Jonathan Scott aportan su buen ojo para el dise\u00f1o y el lujo asequible a la colecci\u00f3n de colchones Scott Living Nivel IV Morgan Hybrid. La espuma viscoel\u00e1stica AlumiLast adicional en la superficie del colch\u00f3n hace que el colch\u00f3n Morgan sea un colch\u00f3n de lujo ultrarrefrigerante, perfecto para el cliente exigente. Una funci\u00f3n de [&hellip;]","og_url":"https:\/\/restonic.com\/es\/mattress\/scott-living-level-5","og_site_name":"Restonic","article_publisher":"https:\/\/www.facebook.com\/RestonicBeds\/","article_modified_time":"2023-01-18T21:12:40+00:00","og_image":[{"width":600,"height":367,"url":"https:\/\/restonic.com\/wp-content\/uploads\/2021\/11\/Level4_Morgan.jpg","type":"image\/jpeg"}],"twitter_card":"summary_large_image","twitter_site":"@RestonicBeds","twitter_misc":{"Tiempo de lectura":"1 minuto"},"schema":{"@context":"https:\/\/schema.org","@graph":[{"@type":"WebPage","@id":"https:\/\/restonic.com\/es\/mattress\/scott-living-level-5","url":"https:\/\/restonic.com\/es\/mattress\/scott-living-level-5","name":"Colch\u00f3n Scott Living Nivel 5 - Restonic","isPartOf":{"@id":"https:\/\/restonic.com\/es#website"},"primaryImageOfPage":{"@id":"https:\/\/restonic.com\/es\/mattress\/scott-living-level-5#primaryimage"},"image":{"@id":"https:\/\/restonic.com\/es\/mattress\/scott-living-level-5#primaryimage"},"thumbnailUrl":"https:\/\/restonic.com\/wp-content\/uploads\/2021\/11\/Level4_Morgan.jpg","datePublished":"2021-02-15T23:10:12+00:00","dateModified":"2023-01-18T21:12:40+00:00","breadcrumb":{"@id":"https:\/\/restonic.com\/es\/mattress\/scott-living-level-5#breadcrumb"},"inLanguage":"es","potentialAction":[{"@type":"ReadAction","target":["https:\/\/restonic.com\/es\/mattress\/scott-living-level-5"]}]},{"@type":"ImageObject","inLanguage":"es","@id":"https:\/\/restonic.com\/es\/mattress\/scott-living-level-5#primaryimage","url":"https:\/\/restonic.com\/wp-content\/uploads\/2021\/11\/Level4_Morgan.jpg","contentUrl":"https:\/\/restonic.com\/wp-content\/uploads\/2021\/11\/Level4_Morgan.jpg","width":600,"height":367},{"@type":"BreadcrumbList","@id":"https:\/\/restonic.com\/es\/mattress\/scott-living-level-5#breadcrumb","itemListElement":[{"@type":"ListItem","position":1,"name":"Home","item":"https:\/\/restonic.com\/es\/nuestro-sueno?lang=es"},{"@type":"ListItem","position":2,"name":"Tienda","item":"https:\/\/restonic.com\/tienda?lang=es"},{"@type":"ListItem","position":3,"name":"Colch\u00f3n Scott Living Nivel 5"}]},{"@type":"WebSite","@id":"https:\/\/restonic.com\/es#website","url":"https:\/\/restonic.com\/es","name":"Restonic","description":"American-made mattresses, supporting the dreams of our customers for more than 80 years.","publisher":{"@id":"https:\/\/restonic.com\/es#organization"},"potentialAction":[{"@type":"SearchAction","target":{"@type":"EntryPoint","urlTemplate":"https:\/\/restonic.com\/es?s={search_term_string}"},"query-input":{"@type":"PropertyValueSpecification","valueRequired":true,"valueName":"search_term_string"}}],"inLanguage":"es"},{"@type":"Organization","@id":"https:\/\/restonic.com\/es#organization","name":"Restonic","url":"https:\/\/restonic.com\/es","logo":{"@type":"ImageObject","inLanguage":"es","@id":"https:\/\/restonic.com\/es#\/schema\/logo\/image\/","url":"https:\/\/restonic.com\/wp-content\/uploads\/2021\/07\/restonic-logo.png","contentUrl":"https:\/\/restonic.com\/wp-content\/uploads\/2021\/07\/restonic-logo.png","width":450,"height":110,"caption":"Restonic"},"image":{"@id":"https:\/\/restonic.com\/es#\/schema\/logo\/image\/"},"sameAs":["https:\/\/www.facebook.com\/RestonicBeds\/","https:\/\/x.com\/RestonicBeds","https:\/\/www.instagram.com\/restonicbeds\/","https:\/\/www.youtube.com\/restonicmattress"]}]}},"_links":{"self":[{"href":"https:\/\/restonic.com\/es\/wp-json\/wp\/v2\/product\/28055","targetHints":{"allow":["GET"]}}],"collection":[{"href":"https:\/\/restonic.com\/es\/wp-json\/wp\/v2\/product"}],"about":[{"href":"https:\/\/restonic.com\/es\/wp-json\/wp\/v2\/types\/product"}],"replies":[{"embeddable":true,"href":"https:\/\/restonic.com\/es\/wp-json\/wp\/v2\/comments?post=28055"}],"wp:featuredmedia":[{"embeddable":true,"href":"https:\/\/restonic.com\/es\/wp-json\/wp\/v2\/media\/27731"}],"wp:attachment":[{"href":"https:\/\/restonic.com\/es\/wp-json\/wp\/v2\/media?parent=28055"}],"wp:term":[{"taxonomy":"product_brand","embeddable":true,"href":"https:\/\/restonic.com\/es\/wp-json\/wp\/v2\/product_brand?post=28055"},{"taxonomy":"product_cat","embeddable":true,"href":"https:\/\/restonic.com\/es\/wp-json\/wp\/v2\/product_cat?post=28055"},{"taxonomy":"product_tag","embeddable":true,"href":"https:\/\/restonic.com\/es\/wp-json\/wp\/v2\/product_tag?post=28055"}],"curies":[{"name":"wp","href":"https:\/\/api.w.org\/{rel}","templated":true}]}}