{"id":30602,"date":"2022-08-30T00:51:35","date_gmt":"2022-08-30T04:51:35","guid":{"rendered":"https:\/\/restonic.com\/mattress\/comfortcare-level-5"},"modified":"2023-01-17T12:32:53","modified_gmt":"2023-01-17T17:32:53","slug":"comfortcare-level-5-2","status":"publish","type":"product","link":"https:\/\/restonic.com\/es\/mattress\/comfortcare-level-5-2","title":{"rendered":"ComfortCare\u00ae Nivel 5"},"content":{"rendered":"<p>Aspirar. Exhalar. Su experiencia de sue\u00f1o elevado lo est\u00e1 esperando para que se d\u00e9 un gusto con nuestra colecci\u00f3n de colchones ComfortCare Level 5. La tecnolog\u00eda de enfriamiento triple combinada con la espuma viscoel\u00e1stica TempaGel lo ayudar\u00e1 a conciliar el sue\u00f1o m\u00e1s r\u00e1pido y permanecer dormido por m\u00e1s tiempo. Adem\u00e1s, nuestra tecnolog\u00eda patentada Marvelous Middle\u00ae brinda un 25 % m\u00e1s de soporte en el tercio central de su colch\u00f3n, donde m\u00e1s lo necesita. Hazle saber a tu espalda que est\u00e1 de enhorabuena esta noche.<\/p>\n<p>Sensaci\u00f3n de confort disponible:<\/p>\n<ul>\n<li>Ultra Euro Top<\/li>\n<\/ul>\n","protected":false},"excerpt":{"rendered":"<p>Aspirar. Exhalar. Su experiencia de sue\u00f1o elevado lo est\u00e1 esperando para que se d\u00e9 un gusto con nuestra colecci\u00f3n de colchones ComfortCare Level 5. La tecnolog\u00eda de enfriamiento triple combinada con la espuma viscoel\u00e1stica TempaGel lo ayudar\u00e1 a conciliar el sue\u00f1o m\u00e1s r\u00e1pido y permanecer dormido por m\u00e1s tiempo. Adem\u00e1s, nuestra tecnolog\u00eda patentada Marvelous Middle\u00ae [&hellip;]<\/p>\n","protected":false},"featured_media":29732,"comment_status":"closed","ping_status":"closed","template":"","meta":{"_acf_changed":false},"product_brand":[],"product_cat":[5611],"product_tag":[],"class_list":{"0":"post-30602","1":"product","2":"type-product","3":"status-publish","4":"has-post-thumbnail","6":"product_cat-comfortcare-es","8":"first","9":"instock","10":"taxable","11":"shipping-taxable","12":"product-type-simple"},"acf":[],"yoast_head":"<!-- This site is optimized with the Yoast SEO Premium plugin v27.3 (Yoast SEO v27.3) - https:\/\/yoast.com\/product\/yoast-seo-premium-wordpress\/ -->\n<title>ComfortCare\u00ae Nivel 5 - Restonic<\/title>\n<meta name=\"robots\" content=\"index, follow, max-snippet:-1, max-image-preview:large, max-video-preview:-1\" \/>\n<link rel=\"canonical\" href=\"https:\/\/restonic.com\/es\/mattress\/comfortcare-level-5-2\" \/>\n<meta property=\"og:locale\" content=\"es_ES\" \/>\n<meta property=\"og:type\" content=\"article\" \/>\n<meta property=\"og:title\" content=\"ComfortCare\u00ae Nivel 5\" \/>\n<meta property=\"og:description\" content=\"Aspirar. Exhalar. Su experiencia de sue\u00f1o elevado lo est\u00e1 esperando para que se d\u00e9 un gusto con nuestra colecci\u00f3n de colchones ComfortCare Level 5. La tecnolog\u00eda de enfriamiento triple combinada con la espuma viscoel\u00e1stica TempaGel lo ayudar\u00e1 a conciliar el sue\u00f1o m\u00e1s r\u00e1pido y permanecer dormido por m\u00e1s tiempo. Adem\u00e1s, nuestra tecnolog\u00eda patentada Marvelous Middle\u00ae [&hellip;]\" \/>\n<meta property=\"og:url\" content=\"https:\/\/restonic.com\/es\/mattress\/comfortcare-level-5-2\" \/>\n<meta property=\"og:site_name\" content=\"Restonic\" \/>\n<meta property=\"article:publisher\" content=\"https:\/\/www.facebook.com\/RestonicBeds\/\" \/>\n<meta property=\"article:modified_time\" content=\"2023-01-17T17:32:53+00:00\" \/>\n<meta property=\"og:image\" content=\"https:\/\/restonic.com\/wp-content\/uploads\/2022\/08\/Level-5-ET-Left-Final.webp\" \/>\n\t<meta property=\"og:image:width\" content=\"800\" \/>\n\t<meta property=\"og:image:height\" content=\"494\" \/>\n\t<meta property=\"og:image:type\" content=\"image\/webp\" \/>\n<meta name=\"twitter:card\" content=\"summary_large_image\" \/>\n<meta name=\"twitter:site\" content=\"@RestonicBeds\" \/>\n<meta name=\"twitter:label1\" content=\"Tiempo de lectura\" \/>\n\t<meta name=\"twitter:data1\" content=\"1 minuto\" \/>\n<script type=\"application\/ld+json\" class=\"yoast-schema-graph\">{\"@context\":\"https:\\\/\\\/schema.org\",\"@graph\":[{\"@type\":\"WebPage\",\"@id\":\"https:\\\/\\\/restonic.com\\\/es\\\/mattress\\\/comfortcare-level-5-2\",\"url\":\"https:\\\/\\\/restonic.com\\\/es\\\/mattress\\\/comfortcare-level-5-2\",\"name\":\"ComfortCare\u00ae Nivel 5 - Restonic\",\"isPartOf\":{\"@id\":\"https:\\\/\\\/restonic.com\\\/es#website\"},\"primaryImageOfPage\":{\"@id\":\"https:\\\/\\\/restonic.com\\\/es\\\/mattress\\\/comfortcare-level-5-2#primaryimage\"},\"image\":{\"@id\":\"https:\\\/\\\/restonic.com\\\/es\\\/mattress\\\/comfortcare-level-5-2#primaryimage\"},\"thumbnailUrl\":\"https:\\\/\\\/restonic.com\\\/wp-content\\\/uploads\\\/2022\\\/08\\\/Level-5-ET-Left-Final.webp\",\"datePublished\":\"2022-08-30T04:51:35+00:00\",\"dateModified\":\"2023-01-17T17:32:53+00:00\",\"breadcrumb\":{\"@id\":\"https:\\\/\\\/restonic.com\\\/es\\\/mattress\\\/comfortcare-level-5-2#breadcrumb\"},\"inLanguage\":\"es\",\"potentialAction\":[{\"@type\":\"ReadAction\",\"target\":[\"https:\\\/\\\/restonic.com\\\/es\\\/mattress\\\/comfortcare-level-5-2\"]}]},{\"@type\":\"ImageObject\",\"inLanguage\":\"es\",\"@id\":\"https:\\\/\\\/restonic.com\\\/es\\\/mattress\\\/comfortcare-level-5-2#primaryimage\",\"url\":\"https:\\\/\\\/restonic.com\\\/wp-content\\\/uploads\\\/2022\\\/08\\\/Level-5-ET-Left-Final.webp\",\"contentUrl\":\"https:\\\/\\\/restonic.com\\\/wp-content\\\/uploads\\\/2022\\\/08\\\/Level-5-ET-Left-Final.webp\",\"width\":800,\"height\":494},{\"@type\":\"BreadcrumbList\",\"@id\":\"https:\\\/\\\/restonic.com\\\/es\\\/mattress\\\/comfortcare-level-5-2#breadcrumb\",\"itemListElement\":[{\"@type\":\"ListItem\",\"position\":1,\"name\":\"Home\",\"item\":\"https:\\\/\\\/restonic.com\\\/es\\\/nuestro-sueno?lang=es\"},{\"@type\":\"ListItem\",\"position\":2,\"name\":\"Tienda\",\"item\":\"https:\\\/\\\/restonic.com\\\/tienda?lang=es\"},{\"@type\":\"ListItem\",\"position\":3,\"name\":\"ComfortCare\u00ae Nivel 5\"}]},{\"@type\":\"WebSite\",\"@id\":\"https:\\\/\\\/restonic.com\\\/es#website\",\"url\":\"https:\\\/\\\/restonic.com\\\/es\",\"name\":\"Restonic\",\"description\":\"American-made mattresses, supporting the dreams of our customers for more than 80 years.\",\"publisher\":{\"@id\":\"https:\\\/\\\/restonic.com\\\/es#organization\"},\"potentialAction\":[{\"@type\":\"SearchAction\",\"target\":{\"@type\":\"EntryPoint\",\"urlTemplate\":\"https:\\\/\\\/restonic.com\\\/es?s={search_term_string}\"},\"query-input\":{\"@type\":\"PropertyValueSpecification\",\"valueRequired\":true,\"valueName\":\"search_term_string\"}}],\"inLanguage\":\"es\"},{\"@type\":\"Organization\",\"@id\":\"https:\\\/\\\/restonic.com\\\/es#organization\",\"name\":\"Restonic\",\"url\":\"https:\\\/\\\/restonic.com\\\/es\",\"logo\":{\"@type\":\"ImageObject\",\"inLanguage\":\"es\",\"@id\":\"https:\\\/\\\/restonic.com\\\/es#\\\/schema\\\/logo\\\/image\\\/\",\"url\":\"https:\\\/\\\/restonic.com\\\/wp-content\\\/uploads\\\/2021\\\/07\\\/restonic-logo.png\",\"contentUrl\":\"https:\\\/\\\/restonic.com\\\/wp-content\\\/uploads\\\/2021\\\/07\\\/restonic-logo.png\",\"width\":450,\"height\":110,\"caption\":\"Restonic\"},\"image\":{\"@id\":\"https:\\\/\\\/restonic.com\\\/es#\\\/schema\\\/logo\\\/image\\\/\"},\"sameAs\":[\"https:\\\/\\\/www.facebook.com\\\/RestonicBeds\\\/\",\"https:\\\/\\\/x.com\\\/RestonicBeds\",\"https:\\\/\\\/www.instagram.com\\\/restonicbeds\\\/\",\"https:\\\/\\\/www.youtube.com\\\/restonicmattress\"]}]}<\/script>\n<!-- \/ Yoast SEO Premium plugin. -->","yoast_head_json":{"title":"ComfortCare\u00ae Nivel 5 - Restonic","robots":{"index":"index","follow":"follow","max-snippet":"max-snippet:-1","max-image-preview":"max-image-preview:large","max-video-preview":"max-video-preview:-1"},"canonical":"https:\/\/restonic.com\/es\/mattress\/comfortcare-level-5-2","og_locale":"es_ES","og_type":"article","og_title":"ComfortCare\u00ae Nivel 5","og_description":"Aspirar. Exhalar. Su experiencia de sue\u00f1o elevado lo est\u00e1 esperando para que se d\u00e9 un gusto con nuestra colecci\u00f3n de colchones ComfortCare Level 5. La tecnolog\u00eda de enfriamiento triple combinada con la espuma viscoel\u00e1stica TempaGel lo ayudar\u00e1 a conciliar el sue\u00f1o m\u00e1s r\u00e1pido y permanecer dormido por m\u00e1s tiempo. Adem\u00e1s, nuestra tecnolog\u00eda patentada Marvelous Middle\u00ae [&hellip;]","og_url":"https:\/\/restonic.com\/es\/mattress\/comfortcare-level-5-2","og_site_name":"Restonic","article_publisher":"https:\/\/www.facebook.com\/RestonicBeds\/","article_modified_time":"2023-01-17T17:32:53+00:00","og_image":[{"width":800,"height":494,"url":"https:\/\/restonic.com\/wp-content\/uploads\/2022\/08\/Level-5-ET-Left-Final.webp","type":"image\/webp"}],"twitter_card":"summary_large_image","twitter_site":"@RestonicBeds","twitter_misc":{"Tiempo de lectura":"1 minuto"},"schema":{"@context":"https:\/\/schema.org","@graph":[{"@type":"WebPage","@id":"https:\/\/restonic.com\/es\/mattress\/comfortcare-level-5-2","url":"https:\/\/restonic.com\/es\/mattress\/comfortcare-level-5-2","name":"ComfortCare\u00ae Nivel 5 - Restonic","isPartOf":{"@id":"https:\/\/restonic.com\/es#website"},"primaryImageOfPage":{"@id":"https:\/\/restonic.com\/es\/mattress\/comfortcare-level-5-2#primaryimage"},"image":{"@id":"https:\/\/restonic.com\/es\/mattress\/comfortcare-level-5-2#primaryimage"},"thumbnailUrl":"https:\/\/restonic.com\/wp-content\/uploads\/2022\/08\/Level-5-ET-Left-Final.webp","datePublished":"2022-08-30T04:51:35+00:00","dateModified":"2023-01-17T17:32:53+00:00","breadcrumb":{"@id":"https:\/\/restonic.com\/es\/mattress\/comfortcare-level-5-2#breadcrumb"},"inLanguage":"es","potentialAction":[{"@type":"ReadAction","target":["https:\/\/restonic.com\/es\/mattress\/comfortcare-level-5-2"]}]},{"@type":"ImageObject","inLanguage":"es","@id":"https:\/\/restonic.com\/es\/mattress\/comfortcare-level-5-2#primaryimage","url":"https:\/\/restonic.com\/wp-content\/uploads\/2022\/08\/Level-5-ET-Left-Final.webp","contentUrl":"https:\/\/restonic.com\/wp-content\/uploads\/2022\/08\/Level-5-ET-Left-Final.webp","width":800,"height":494},{"@type":"BreadcrumbList","@id":"https:\/\/restonic.com\/es\/mattress\/comfortcare-level-5-2#breadcrumb","itemListElement":[{"@type":"ListItem","position":1,"name":"Home","item":"https:\/\/restonic.com\/es\/nuestro-sueno?lang=es"},{"@type":"ListItem","position":2,"name":"Tienda","item":"https:\/\/restonic.com\/tienda?lang=es"},{"@type":"ListItem","position":3,"name":"ComfortCare\u00ae Nivel 5"}]},{"@type":"WebSite","@id":"https:\/\/restonic.com\/es#website","url":"https:\/\/restonic.com\/es","name":"Restonic","description":"American-made mattresses, supporting the dreams of our customers for more than 80 years.","publisher":{"@id":"https:\/\/restonic.com\/es#organization"},"potentialAction":[{"@type":"SearchAction","target":{"@type":"EntryPoint","urlTemplate":"https:\/\/restonic.com\/es?s={search_term_string}"},"query-input":{"@type":"PropertyValueSpecification","valueRequired":true,"valueName":"search_term_string"}}],"inLanguage":"es"},{"@type":"Organization","@id":"https:\/\/restonic.com\/es#organization","name":"Restonic","url":"https:\/\/restonic.com\/es","logo":{"@type":"ImageObject","inLanguage":"es","@id":"https:\/\/restonic.com\/es#\/schema\/logo\/image\/","url":"https:\/\/restonic.com\/wp-content\/uploads\/2021\/07\/restonic-logo.png","contentUrl":"https:\/\/restonic.com\/wp-content\/uploads\/2021\/07\/restonic-logo.png","width":450,"height":110,"caption":"Restonic"},"image":{"@id":"https:\/\/restonic.com\/es#\/schema\/logo\/image\/"},"sameAs":["https:\/\/www.facebook.com\/RestonicBeds\/","https:\/\/x.com\/RestonicBeds","https:\/\/www.instagram.com\/restonicbeds\/","https:\/\/www.youtube.com\/restonicmattress"]}]}},"_links":{"self":[{"href":"https:\/\/restonic.com\/es\/wp-json\/wp\/v2\/product\/30602","targetHints":{"allow":["GET"]}}],"collection":[{"href":"https:\/\/restonic.com\/es\/wp-json\/wp\/v2\/product"}],"about":[{"href":"https:\/\/restonic.com\/es\/wp-json\/wp\/v2\/types\/product"}],"replies":[{"embeddable":true,"href":"https:\/\/restonic.com\/es\/wp-json\/wp\/v2\/comments?post=30602"}],"wp:featuredmedia":[{"embeddable":true,"href":"https:\/\/restonic.com\/es\/wp-json\/wp\/v2\/media\/29732"}],"wp:attachment":[{"href":"https:\/\/restonic.com\/es\/wp-json\/wp\/v2\/media?parent=30602"}],"wp:term":[{"taxonomy":"product_brand","embeddable":true,"href":"https:\/\/restonic.com\/es\/wp-json\/wp\/v2\/product_brand?post=30602"},{"taxonomy":"product_cat","embeddable":true,"href":"https:\/\/restonic.com\/es\/wp-json\/wp\/v2\/product_cat?post=30602"},{"taxonomy":"product_tag","embeddable":true,"href":"https:\/\/restonic.com\/es\/wp-json\/wp\/v2\/product_tag?post=30602"}],"curies":[{"name":"wp","href":"https:\/\/api.w.org\/{rel}","templated":true}]}}